{"id":1136,"date":"2025-10-27T13:42:31","date_gmt":"2025-10-27T13:42:31","guid":{"rendered":"https:\/\/valinordentalclinic.com\/?page_id=1136"},"modified":"2025-11-30T14:23:45","modified_gmt":"2025-11-30T14:23:45","slug":"%d0%bf%d0%b0%d1%80%d0%be%d0%b4%d0%be%d0%bd%d1%82%d0%be%d0%bb%d0%be%d0%b3%d0%b8%d1%8f-%d0%b7%d0%b4%d0%be%d1%80%d0%be%d0%b2%d1%8c%d0%b5-%d0%b4%d0%b5%d1%81%d0%b5%d0%bd","status":"publish","type":"page","link":"https:\/\/valinordentalclinic.com\/ru\/periodontoloji-dis-eti-sagligi\/","title":{"rendered":"\u041f\u0430\u0440\u043e\u0434\u043e\u043d\u0442\u043e\u043b\u043e\u0433\u0438\u044f (\u0437\u0434\u043e\u0440\u043e\u0432\u044c\u0435 \u0434\u0435\u0441\u0435\u043d)"},"content":{"rendered":"<div class=\"wp-block-greenshift-blocks-row alignfull gspb_row gspb_row-id-gsbp-a47e589\" id=\"gspb_row-id-gsbp-a47e589\"><div class=\"gspb_backgroundOverlay\"><\/div><div class=\"gspb_row__content\"> \n<div class=\"wp-block-greenshift-blocks-row-column gspb_row__col--12 gspb_col-id-gsbp-8178b56\" id=\"gspb_col-id-gsbp-8178b56\">\n<h2 id=\"gspb_heading-id-gsbp-fa62b3f\" class=\"gspb_heading gspb_heading-id-gsbp-fa62b3f\">\u041f\u0430\u0440\u043e\u0434\u043e\u043d\u0442\u043e\u043b\u043e\u0433\u0438\u044f (\u0437\u0434\u043e\u0440\u043e\u0432\u044c\u0435 \u0434\u0435\u0441\u0435\u043d)<\/h2>\n<\/div>\n <\/div><\/div>\n\n\n\n<p>\u0417\u0434\u043e\u0440\u043e\u0432\u044c\u0435 \u0434\u0451\u0441\u0435\u043d \u2014 \u043e\u0441\u043d\u043e\u0432\u0430 \u0437\u0434\u043e\u0440\u043e\u0432\u044c\u044f \u043f\u043e\u043b\u043e\u0441\u0442\u0438 \u0440\u0442\u0430. \u0412 \u043a\u043b\u0438\u043d\u0438\u043a\u0435 Valinor \u043b\u0435\u0447\u0435\u043d\u0438\u0435 \u043f\u0430\u0440\u043e\u0434\u043e\u043d\u0442\u0438\u0442\u0430 \u043f\u0440\u043e\u0432\u043e\u0434\u0438\u0442\u0441\u044f \u0441 \u0438\u0441\u043f\u043e\u043b\u044c\u0437\u043e\u0432\u0430\u043d\u0438\u0435\u043c \u0441\u043e\u0432\u0440\u0435\u043c\u0435\u043d\u043d\u044b\u0445 \u0443\u043b\u044c\u0442\u0440\u0430\u0437\u0432\u0443\u043a\u043e\u0432\u044b\u0445 \u0430\u043f\u043f\u0430\u0440\u0430\u0442\u043e\u0432, \u044d\u0444\u0444\u0435\u043a\u0442\u0438\u0432\u043d\u043e \u0431\u043e\u0440\u044e\u0449\u0438\u0445\u0441\u044f \u0441 \u0437\u0430\u0431\u043e\u043b\u0435\u0432\u0430\u043d\u0438\u044f\u043c\u0438 \u0434\u0451\u0441\u0435\u043d.<\/p>\n\n\n\n<p>\u041f\u0430\u0440\u043e\u0434\u043e\u043d\u0442\u043e\u043b\u043e\u0433\u0438\u0447\u0435\u0441\u043a\u043e\u0435 \u043b\u0435\u0447\u0435\u043d\u0438\u0435 \u0442\u0430\u043a\u0436\u0435 \u0441\u043f\u043e\u0441\u043e\u0431\u0441\u0442\u0432\u0443\u0435\u0442 \u0443\u043b\u0443\u0447\u0448\u0435\u043d\u0438\u044e \u044d\u0441\u0442\u0435\u0442\u0438\u043a\u0438 \u0437\u0443\u0431\u043e\u0432. \u0417\u0434\u043e\u0440\u043e\u0432\u044b\u0435 \u0434\u0451\u0441\u043d\u044b \u0432 \u0441\u043e\u0447\u0435\u0442\u0430\u043d\u0438\u0438 \u0441 \u0431\u0435\u043b\u044b\u043c\u0438, \u0440\u043e\u0432\u043d\u044b\u043c\u0438 \u0437\u0443\u0431\u0430\u043c\u0438 \u2014 \u043e\u0441\u043d\u043e\u0432\u0430 \u0438\u0434\u0435\u0430\u043b\u044c\u043d\u043e\u0439 \u0443\u043b\u044b\u0431\u043a\u0438.<\/p>","protected":false},"excerpt":{"rendered":"<p>Di\u015f eti sa\u011fl\u0131\u011f\u0131, genel a\u011f\u0131z sa\u011fl\u0131\u011f\u0131n\u0131n temelidir. Valinor\u2019da periodontal tedaviler son teknoloji ultrasonik cihazlar ile yap\u0131l\u0131r. B\u00f6ylece di\u015f eti hastal\u0131klar\u0131 tedavi edilir. Ayr\u0131ca periodontal tedaviler, di\u015f esteti\u011fini de destekler. Sa\u011fl\u0131kl\u0131 di\u015f etleri, beyaz ve d\u00fczg\u00fcn di\u015flerle birle\u015fti\u011finde m\u00fckemmel bir g\u00fcl\u00fc\u015f\u00fcn temelini olu\u015fturur.<\/p>","protected":false},"author":2,"featured_media":0,"parent":0,"menu_order":0,"comment_status":"closed","ping_status":"closed","template":"","meta":{"_gspb_post_css":"#gspb_row-id-gsbp-a47e589{justify-content:space-between;margin-top:0;display:flex;flex-wrap:wrap;min-height:700px;align-content:flex-end;margin-bottom:100px;background-size:cover;background-repeat:no-repeat;background-position:60% 41%;background-image:url(https:\/\/valinordentalclinic.com\/wp-content\/uploads\/2025\/11\/Periodontoloji-Dis-Eti-Sagligi.webp);isolation:isolate}#gspb_row-id-gsbp-a47e589>.gspb_row__content{display:flex;justify-content:space-between;margin:0 auto;width:100%;flex-wrap:wrap;align-items:flex-end}.gspb_row{position:relative}div[id^=gspb_col-id]{box-sizing:border-box;position:relative;padding:var(--gs-row-column-padding, 15px min(3vw, 20px))}body.gspb-bodyfront #gspb_row-id-gsbp-a47e589>.gspb_row__content{width:var(--theme-container-width, 1200px);max-width:var(--theme-normal-container-max-width, 1200px)}#gspb_row-id-gsbp-a47e589:hover{background-size:cover}#gspb_row-id-gsbp-a47e589>.gspb_backgroundOverlay{position:absolute;top:0;left:0;width:100%;height:100%;z-index:-1;opacity:.5;background-image:linear-gradient(180deg,#868f96 0,#000 100%)}#gspb_col-id-gsbp-8178b56.gspb_row__col--12{width:100%}@media (max-width:575.98px){#gspb_col-id-gsbp-8178b56.gspb_row__col--12{width:100%}}.gspb_row #gspb_col-id-gsbp-8178b56.gspb_row__col--12{padding-bottom:200px}#gspb_heading-id-gsbp-fa62b3f{font-size:47px;line-height:47px;text-align:center!important}#gspb_heading-id-gsbp-fa62b3f .gsap-g-line{text-align:center!important}","footnotes":""},"class_list":["post-1136","page","type-page","status-publish","hentry"],"blocksy_meta":[],"_links":{"self":[{"href":"https:\/\/valinordentalclinic.com\/ru\/wp-json\/wp\/v2\/pages\/1136","targetHints":{"allow":["GET"]}}],"collection":[{"href":"https:\/\/valinordentalclinic.com\/ru\/wp-json\/wp\/v2\/pages"}],"about":[{"href":"https:\/\/valinordentalclinic.com\/ru\/wp-json\/wp\/v2\/types\/page"}],"author":[{"embeddable":true,"href":"https:\/\/valinordentalclinic.com\/ru\/wp-json\/wp\/v2\/users\/2"}],"replies":[{"embeddable":true,"href":"https:\/\/valinordentalclinic.com\/ru\/wp-json\/wp\/v2\/comments?post=1136"}],"version-history":[{"count":2,"href":"https:\/\/valinordentalclinic.com\/ru\/wp-json\/wp\/v2\/pages\/1136\/revisions"}],"predecessor-version":[{"id":1823,"href":"https:\/\/valinordentalclinic.com\/ru\/wp-json\/wp\/v2\/pages\/1136\/revisions\/1823"}],"wp:attachment":[{"href":"https:\/\/valinordentalclinic.com\/ru\/wp-json\/wp\/v2\/media?parent=1136"}],"curies":[{"name":"wp","href":"https:\/\/api.w.org\/{rel}","templated":true}]}}