{"id":1132,"date":"2025-10-27T13:41:34","date_gmt":"2025-10-27T13:41:34","guid":{"rendered":"https:\/\/valinordentalclinic.com\/?page_id=1132"},"modified":"2025-11-30T14:23:37","modified_gmt":"2025-11-30T14:23:37","slug":"%d0%be%d1%80%d1%82%d0%be%d0%b4%d0%be%d0%bd%d1%82%d0%b8%d1%8f-%d0%bf%d1%80%d0%be%d0%b7%d1%80%d0%b0%d1%87%d0%bd%d1%8b%d0%b5-%d1%8d%d0%bb%d0%b0%d0%b9%d0%bd%d0%b5%d1%80%d1%8b","status":"publish","type":"page","link":"https:\/\/valinordentalclinic.com\/ru\/ortodonti-seffaf-plaklar\/","title":{"rendered":"\u041e\u0440\u0442\u043e\u0434\u043e\u043d\u0442\u0438\u044f \u0438 \u043f\u0440\u043e\u0437\u0440\u0430\u0447\u043d\u044b\u0435 \u044d\u043b\u0430\u0439\u043d\u0435\u0440\u044b"},"content":{"rendered":"<div class=\"wp-block-greenshift-blocks-row alignfull gspb_row gspb_row-id-gsbp-a47e589\" id=\"gspb_row-id-gsbp-a47e589\"><div class=\"gspb_backgroundOverlay\"><\/div><div class=\"gspb_row__content\"> \n<div class=\"wp-block-greenshift-blocks-row-column gspb_row__col--12 gspb_col-id-gsbp-8178b56\" id=\"gspb_col-id-gsbp-8178b56\">\n<h2 id=\"gspb_heading-id-gsbp-fa62b3f\" class=\"gspb_heading gspb_heading-id-gsbp-fa62b3f\">\u041e\u0440\u0442\u043e\u0434\u043e\u043d\u0442\u0438\u044f \u0438 \u043f\u0440\u043e\u0437\u0440\u0430\u0447\u043d\u044b\u0435 \u044d\u043b\u0430\u0439\u043d\u0435\u0440\u044b<\/h2>\n<\/div>\n <\/div><\/div>\n\n\n\n<p>\u0412 \u043a\u043b\u0438\u043d\u0438\u043a\u0435 Valinor \u043e\u0440\u0442\u043e\u0434\u043e\u043d\u0442\u0438\u0447\u0435\u0441\u043a\u043e\u0435 \u043b\u0435\u0447\u0435\u043d\u0438\u0435 \u043f\u043b\u0430\u043d\u0438\u0440\u0443\u0435\u0442\u0441\u044f \u0438\u043d\u0434\u0438\u0432\u0438\u0434\u0443\u0430\u043b\u044c\u043d\u043e, \u0441 \u0443\u0447\u0435\u0442\u043e\u043c \u043a\u0430\u043a \u0444\u0443\u043d\u043a\u0446\u0438\u043e\u043d\u0430\u043b\u044c\u043d\u043e\u0441\u0442\u0438, \u0442\u0430\u043a \u0438 \u044d\u0441\u0442\u0435\u0442\u0438\u043a\u0438. \u0412 \u0434\u043e\u043f\u043e\u043b\u043d\u0435\u043d\u0438\u0435 \u043a \u0442\u0440\u0430\u0434\u0438\u0446\u0438\u043e\u043d\u043d\u043e\u043c\u0443 \u043b\u0435\u0447\u0435\u043d\u0438\u044e \u0431\u0440\u0435\u043a\u0435\u0442\u0430\u043c\u0438, \u043c\u044b \u043f\u0440\u0435\u0434\u043b\u0430\u0433\u0430\u0435\u043c \u043d\u0435\u0432\u0438\u0434\u0438\u043c\u044b\u0435, \u0443\u0434\u043e\u0431\u043d\u044b\u0435 \u0438 \u0431\u044b\u0441\u0442\u0440\u044b\u0435 \u0440\u0435\u0448\u0435\u043d\u0438\u044f \u0441 \u043f\u043e\u043c\u043e\u0449\u044c\u044e \u043f\u0440\u043e\u0437\u0440\u0430\u0447\u043d\u044b\u0445 \u044d\u043b\u0430\u0439\u043d\u0435\u0440\u043e\u0432.<\/p>\n\n\n\n<p>\u041e\u0440\u0442\u043e\u0434\u043e\u043d\u0442\u0438\u044f \u2013 \u044d\u0442\u043e \u043d\u0435 \u0442\u043e\u043b\u044c\u043a\u043e \u0432\u044b\u0440\u0430\u0432\u043d\u0438\u0432\u0430\u043d\u0438\u0435 \u0437\u0443\u0431\u043e\u0432, \u043d\u043e \u0438 \u043f\u043e\u0434\u0445\u043e\u0434 \u043a \u043b\u0435\u0447\u0435\u043d\u0438\u044e, \u043d\u0430\u043f\u0440\u0430\u0432\u043b\u0435\u043d\u043d\u044b\u0439 \u043d\u0430 \u043f\u043e\u0434\u0434\u0435\u0440\u0436\u0430\u043d\u0438\u0435 \u0437\u0434\u043e\u0440\u043e\u0432\u044c\u044f \u0432\u0438\u0441\u043e\u0447\u043d\u043e-\u043d\u0438\u0436\u043d\u0435\u0447\u0435\u043b\u044e\u0441\u0442\u043d\u043e\u0433\u043e \u0441\u0443\u0441\u0442\u0430\u0432\u0430 (\u0412\u041d\u0427\u0421). \u042d\u0442\u043e \u043f\u043e\u0437\u0432\u043e\u043b\u044f\u0435\u0442 \u043f\u0430\u0446\u0438\u0435\u043d\u0442\u0430\u043c \u0434\u043e\u0441\u0442\u0438\u0447\u044c \u043a\u0430\u043a \u0431\u043e\u043b\u0435\u0435 \u0437\u0434\u043e\u0440\u043e\u0432\u044b\u0445, \u0442\u0430\u043a \u0438 \u0431\u043e\u043b\u0435\u0435 \u044d\u0441\u0442\u0435\u0442\u0438\u0447\u0435\u0441\u043a\u0438 \u043f\u0440\u0438\u0432\u043b\u0435\u043a\u0430\u0442\u0435\u043b\u044c\u043d\u044b\u0445 \u0440\u0435\u0437\u0443\u043b\u044c\u0442\u0430\u0442\u043e\u0432.<\/p>","protected":false},"excerpt":{"rendered":"<p>Valinor\u2019da ortodontik tedaviler, hem fonksiyonel hem estetik a\u00e7\u0131dan ki\u015fiye \u00f6zel planlan\u0131r. Geleneksel braket tedavilerinin yan\u0131 s\u0131ra, \u015feffaf plak sistemleri&nbsp; ile g\u00f6r\u00fcnmez, konforlu ve h\u0131zl\u0131 \u00e7\u00f6z\u00fcmler sunulur. Ortodonti yaln\u0131zca di\u015fleri hizalamak de\u011fil, \u00e7ene eklemi sa\u011fl\u0131\u011f\u0131n\u0131 da destekleyen bir tedavi yakla\u015f\u0131m\u0131d\u0131r. Bu sayede hastalar, hem daha sa\u011fl\u0131kl\u0131 hem de estetik a\u00e7\u0131dan arzu edilen sonu\u00e7lara ula\u015f\u0131r.<\/p>","protected":false},"author":2,"featured_media":0,"parent":0,"menu_order":0,"comment_status":"closed","ping_status":"closed","template":"","meta":{"_gspb_post_css":"#gspb_row-id-gsbp-a47e589{justify-content:space-between;margin-top:0;display:flex;flex-wrap:wrap;min-height:700px;align-content:flex-end;margin-bottom:100px;background-size:cover;background-repeat:no-repeat;background-position:53% 57%;background-image:url(https:\/\/valinordentalclinic.com\/wp-content\/uploads\/2025\/11\/Ortodonti-Seffaf-Plaklar.webp);isolation:isolate}#gspb_row-id-gsbp-a47e589>.gspb_row__content{display:flex;justify-content:space-between;margin:0 auto;width:100%;flex-wrap:wrap;align-items:flex-end}.gspb_row{position:relative}div[id^=gspb_col-id]{box-sizing:border-box;position:relative;padding:var(--gs-row-column-padding, 15px min(3vw, 20px))}body.gspb-bodyfront #gspb_row-id-gsbp-a47e589>.gspb_row__content{width:var(--theme-container-width, 1200px);max-width:var(--theme-normal-container-max-width, 1200px)}#gspb_row-id-gsbp-a47e589:hover{background-size:cover}#gspb_row-id-gsbp-a47e589>.gspb_backgroundOverlay{position:absolute;top:0;left:0;width:100%;height:100%;z-index:-1;opacity:.5;background-image:linear-gradient(180deg,#868f96 0,#000 100%)}#gspb_col-id-gsbp-8178b56.gspb_row__col--12{width:100%}@media (max-width:575.98px){#gspb_col-id-gsbp-8178b56.gspb_row__col--12{width:100%}}.gspb_row #gspb_col-id-gsbp-8178b56.gspb_row__col--12{padding-bottom:200px}#gspb_heading-id-gsbp-fa62b3f{font-size:47px;line-height:47px;text-align:center!important}#gspb_heading-id-gsbp-fa62b3f .gsap-g-line{text-align:center!important}","footnotes":""},"class_list":["post-1132","page","type-page","status-publish","hentry"],"blocksy_meta":[],"_links":{"self":[{"href":"https:\/\/valinordentalclinic.com\/ru\/wp-json\/wp\/v2\/pages\/1132","targetHints":{"allow":["GET"]}}],"collection":[{"href":"https:\/\/valinordentalclinic.com\/ru\/wp-json\/wp\/v2\/pages"}],"about":[{"href":"https:\/\/valinordentalclinic.com\/ru\/wp-json\/wp\/v2\/types\/page"}],"author":[{"embeddable":true,"href":"https:\/\/valinordentalclinic.com\/ru\/wp-json\/wp\/v2\/users\/2"}],"replies":[{"embeddable":true,"href":"https:\/\/valinordentalclinic.com\/ru\/wp-json\/wp\/v2\/comments?post=1132"}],"version-history":[{"count":2,"href":"https:\/\/valinordentalclinic.com\/ru\/wp-json\/wp\/v2\/pages\/1132\/revisions"}],"predecessor-version":[{"id":1818,"href":"https:\/\/valinordentalclinic.com\/ru\/wp-json\/wp\/v2\/pages\/1132\/revisions\/1818"}],"wp:attachment":[{"href":"https:\/\/valinordentalclinic.com\/ru\/wp-json\/wp\/v2\/media?parent=1132"}],"curies":[{"name":"wp","href":"https:\/\/api.w.org\/{rel}","templated":true}]}}