{"id":1130,"date":"2025-10-27T13:40:56","date_gmt":"2025-10-27T13:40:56","guid":{"rendered":"https:\/\/valinordentalclinic.com\/?page_id=1130"},"modified":"2026-04-02T21:05:18","modified_gmt":"2026-04-02T21:05:18","slug":"%d1%8d%d1%81%d1%82%d0%b5%d1%82%d0%b8%d1%87%d0%b5%d1%81%d0%ba%d0%b0%d1%8f-%d1%81%d1%82%d0%be%d0%bc%d0%b0%d1%82%d0%be%d0%bb%d0%be%d0%b3%d0%b8%d1%8f-%d1%86%d0%b8%d1%84%d1%80%d0%be%d0%b2%d0%be%d0%b9","status":"publish","type":"page","link":"https:\/\/valinordentalclinic.com\/ru\/estetik-dis-hekimligi-dijital-gulus-tasarimi\/","title":{"rendered":"\u042d\u0441\u0442\u0435\u0442\u0438\u0447\u0435\u0441\u043a\u0430\u044f \u0441\u0442\u043e\u043c\u0430\u0442\u043e\u043b\u043e\u0433\u0438\u044f \u0438 \u0446\u0438\u0444\u0440\u043e\u0432\u043e\u0439 \u0434\u0438\u0437\u0430\u0439\u043d \u0443\u043b\u044b\u0431\u043a\u0438"},"content":{"rendered":"<div class=\"wp-block-greenshift-blocks-row alignfull gspb_row gspb_row-id-gsbp-a47e589\" id=\"gspb_row-id-gsbp-a47e589\"><div class=\"gspb_backgroundOverlay\"><\/div><div class=\"gspb_row__content\"> \n<div class=\"wp-block-greenshift-blocks-row-column gspb_row__col--12 gspb_col-id-gsbp-8178b56\" id=\"gspb_col-id-gsbp-8178b56\">\n<h2 id=\"gspb_heading-id-gsbp-fa62b3f\" class=\"gspb_heading gspb_heading-id-gsbp-fa62b3f\">\u042d\u0441\u0442\u0435\u0442\u0438\u0447\u0435\u0441\u043a\u0430\u044f \u0441\u0442\u043e\u043c\u0430\u0442\u043e\u043b\u043e\u0433\u0438\u044f \u0438 \u0446\u0438\u0444\u0440\u043e\u0432\u043e\u0439 \u0434\u0438\u0437\u0430\u0439\u043d \u0443\u043b\u044b\u0431\u043a\u0438<\/h2>\n<\/div>\n <\/div><\/div>\n\n\n\n<p>G\u00fcl\u00fc\u015f, ki\u015finin imzas\u0131d\u0131r. Valinor Dental Clinic\u2019te estetik di\u015f hekimli\u011fi, yaln\u0131zca di\u015fleri d\u00fczenlemek de\u011fil, ki\u015fiye \u00f6zel bir sanat eseri yaratmakt\u0131r. Valinor; bilimsel titizli\u011fi estetik vizyonla birle\u015ftirerek her hastaya benzersiz bir g\u00fcl\u00fc\u015f kazand\u0131rmay\u0131 ama\u00e7lar.<\/p>\n\n\n\n<p>\u0411\u043b\u0430\u0433\u043e\u0434\u0430\u0440\u044f \u043f\u0440\u043e\u0433\u0440\u0430\u043c\u043c\u043d\u043e\u043c\u0443 \u043e\u0431\u0435\u0441\u043f\u0435\u0447\u0435\u043d\u0438\u044e \u0434\u043b\u044f \u0446\u0438\u0444\u0440\u043e\u0432\u043e\u0433\u043e \u043f\u0440\u043e\u0435\u043a\u0442\u0438\u0440\u043e\u0432\u0430\u043d\u0438\u044f \u0443\u043b\u044b\u0431\u043a\u0438 \u043f\u0430\u0446\u0438\u0435\u043d\u0442\u044b \u043c\u043e\u0433\u0443\u0442 \u0432\u0438\u0437\u0443\u0430\u043b\u0438\u0437\u0438\u0440\u043e\u0432\u0430\u0442\u044c \u0436\u0435\u043b\u0430\u0435\u043c\u0443\u044e \u043d\u043e\u0432\u0443\u044e \u0443\u043b\u044b\u0431\u043a\u0443 \u043f\u043e\u0441\u043b\u0435 \u043b\u0435\u0447\u0435\u043d\u0438\u044f \u0435\u0449\u0435 \u0434\u043e \u043d\u0430\u0447\u0430\u043b\u0430 \u043f\u0440\u043e\u0446\u0435\u0434\u0443\u0440\u044b. \u0418\u0441\u043f\u043e\u043b\u044c\u0437\u0443\u044f \u0441\u043e\u0431\u0441\u0442\u0432\u0435\u043d\u043d\u044b\u0435 \u0441\u0438\u0441\u0442\u0435\u043c\u044b CAD\/CAM \u0438 3D-\u043f\u0440\u0438\u043d\u0442\u0435\u0440\u044b, \u0440\u0435\u0441\u0442\u0430\u0432\u0440\u0430\u0446\u0438\u0438 \u043c\u043e\u0433\u0443\u0442 \u0431\u044b\u0442\u044c \u0438\u0437\u0433\u043e\u0442\u043e\u0432\u043b\u0435\u043d\u044b \u0438 \u0443\u0441\u0442\u0430\u043d\u043e\u0432\u043b\u0435\u043d\u044b \u0432 \u0442\u043e\u0442 \u0436\u0435 \u0434\u0435\u043d\u044c.<\/p>","protected":false},"excerpt":{"rendered":"<p>G\u00fcl\u00fc\u015f, ki\u015finin imzas\u0131d\u0131r. Valinor Dental Clinic\u2019te estetik di\u015f hekimli\u011fi, yaln\u0131zca di\u015fleri d\u00fczenlemek de\u011fil, ki\u015fiye \u00f6zel bir sanat eseri yaratmakt\u0131r. Valinor; bilimsel titizli\u011fi estetik vizyonla birle\u015ftirerek her hastaya benzersiz bir g\u00fcl\u00fc\u015f kazand\u0131rmay\u0131 ama\u00e7lar. Dijital g\u00fcl\u00fc\u015f tasar\u0131m\u0131 yaz\u0131l\u0131mlar\u0131 sayesinde hasta, tedaviye ba\u015flamadan \u00f6nce tedavi sonras\u0131 hedeflenen yeni g\u00fcl\u00fc\u015f\u00fcn\u00fc g\u00f6rebilir. B\u00fcnyesinde bulundurdu\u011fu CAD\/CAM sistemleri ve 3D yaz\u0131c\u0131lar kullan\u0131larak [&hellip;]<\/p>\n","protected":false},"author":2,"featured_media":0,"parent":0,"menu_order":0,"comment_status":"closed","ping_status":"closed","template":"","meta":{"_gspb_post_css":"#gspb_row-id-gsbp-a47e589{justify-content:space-between;margin-top:0;display:flex;flex-wrap:wrap;min-height:700px;align-content:flex-end;margin-bottom:100px;background-size:cover;background-repeat:no-repeat;background-position:39% 63%;background-image:url(https:\/\/valinordentalclinic.com\/wp-content\/uploads\/2025\/11\/Estetik-Dis-Hekimligi-Dijital-Gulus-Tasarimi.webp);isolation:isolate}#gspb_row-id-gsbp-a47e589>.gspb_row__content{display:flex;justify-content:space-between;margin:0 auto;width:100%;flex-wrap:wrap;align-items:flex-end}.gspb_row{position:relative}div[id^=gspb_col-id]{box-sizing:border-box;position:relative;padding:var(--gs-row-column-padding, 15px min(3vw, 20px))}body.gspb-bodyfront #gspb_row-id-gsbp-a47e589>.gspb_row__content{width:var(--theme-container-width, 1200px);max-width:var(--theme-normal-container-max-width, 1200px)}#gspb_row-id-gsbp-a47e589:hover{background-size:cover}#gspb_row-id-gsbp-a47e589>.gspb_backgroundOverlay{position:absolute;top:0;left:0;width:100%;height:100%;z-index:-1;opacity:.5;background-image:linear-gradient(180deg,#868f96 0,#000 100%)}#gspb_col-id-gsbp-8178b56.gspb_row__col--12{width:100%}@media (max-width:575.98px){#gspb_col-id-gsbp-8178b56.gspb_row__col--12{width:100%}}.gspb_row #gspb_col-id-gsbp-8178b56.gspb_row__col--12{padding-bottom:200px}#gspb_heading-id-gsbp-fa62b3f{font-size:47px;line-height:47px;text-align:center!important}#gspb_heading-id-gsbp-fa62b3f .gsap-g-line{text-align:center!important}","footnotes":""},"class_list":["post-1130","page","type-page","status-publish","hentry"],"blocksy_meta":[],"_links":{"self":[{"href":"https:\/\/valinordentalclinic.com\/ru\/wp-json\/wp\/v2\/pages\/1130","targetHints":{"allow":["GET"]}}],"collection":[{"href":"https:\/\/valinordentalclinic.com\/ru\/wp-json\/wp\/v2\/pages"}],"about":[{"href":"https:\/\/valinordentalclinic.com\/ru\/wp-json\/wp\/v2\/types\/page"}],"author":[{"embeddable":true,"href":"https:\/\/valinordentalclinic.com\/ru\/wp-json\/wp\/v2\/users\/2"}],"replies":[{"embeddable":true,"href":"https:\/\/valinordentalclinic.com\/ru\/wp-json\/wp\/v2\/comments?post=1130"}],"version-history":[{"count":7,"href":"https:\/\/valinordentalclinic.com\/ru\/wp-json\/wp\/v2\/pages\/1130\/revisions"}],"predecessor-version":[{"id":2117,"href":"https:\/\/valinordentalclinic.com\/ru\/wp-json\/wp\/v2\/pages\/1130\/revisions\/2117"}],"wp:attachment":[{"href":"https:\/\/valinordentalclinic.com\/ru\/wp-json\/wp\/v2\/media?parent=1130"}],"curies":[{"name":"wp","href":"https:\/\/api.w.org\/{rel}","templated":true}]}}