{"id":1126,"date":"2025-10-27T13:40:05","date_gmt":"2025-10-27T13:40:05","guid":{"rendered":"https:\/\/valinordentalclinic.com\/?page_id=1126"},"modified":"2025-11-30T14:22:51","modified_gmt":"2025-11-30T14:22:51","slug":"%d0%bb%d0%b5%d1%87%d0%b5%d0%bd%d0%b8%d0%b5-%d0%b7%d1%83%d0%b1%d0%bd%d1%8b%d0%bc%d0%b8-%d0%b8%d0%bc%d0%bf%d0%bb%d0%b0%d0%bd%d1%82%d0%b0%d1%82%d0%b0%d0%bc%d0%b8","status":"publish","type":"page","link":"https:\/\/valinordentalclinic.com\/ru\/dental-implant-tedavileri\/","title":{"rendered":"\u041b\u0435\u0447\u0435\u043d\u0438\u0435 \u0434\u0435\u043d\u0442\u0430\u043b\u044c\u043d\u044b\u0445 \u0438\u043c\u043f\u043b\u0430\u043d\u0442\u0430\u0442\u043e\u0432"},"content":{"rendered":"<div class=\"wp-block-greenshift-blocks-row alignfull gspb_row gspb_row-id-gsbp-a47e589\" id=\"gspb_row-id-gsbp-a47e589\"><div class=\"gspb_backgroundOverlay\"><\/div><div class=\"gspb_row__content\"> \n<div class=\"wp-block-greenshift-blocks-row-column gspb_row__col--12 gspb_col-id-gsbp-8178b56\" id=\"gspb_col-id-gsbp-8178b56\">\n<h2 id=\"gspb_heading-id-gsbp-fa62b3f\" class=\"gspb_heading gspb_heading-id-gsbp-fa62b3f\">\u041b\u0435\u0447\u0435\u043d\u0438\u0435 \u0434\u0435\u043d\u0442\u0430\u043b\u044c\u043d\u044b\u0445 \u0438\u043c\u043f\u043b\u0430\u043d\u0442\u0430\u0442\u043e\u0432<\/h2>\n<\/div>\n <\/div><\/div>\n\n\n\n<p>\u0421\u0442\u043e\u043c\u0430\u0442\u043e\u043b\u043e\u0433\u0438\u0447\u0435\u0441\u043a\u0430\u044f \u043a\u043b\u0438\u043d\u0438\u043a\u0430 Valinor \u043f\u0440\u0435\u0434\u043b\u0430\u0433\u0430\u0435\u0442 \u0443\u0441\u043b\u0443\u0433\u0438 \u043f\u043e \u0438\u043c\u043f\u043b\u0430\u043d\u0442\u0430\u0446\u0438\u0438 \u0437\u0443\u0431\u043e\u0432, \u043f\u0440\u0435\u0432\u043e\u0441\u0445\u043e\u0434\u044f\u0449\u0438\u0435 \u043c\u0435\u0436\u0434\u0443\u043d\u0430\u0440\u043e\u0434\u043d\u044b\u0435 \u0441\u0442\u0430\u043d\u0434\u0430\u0440\u0442\u044b. \u041a\u0430\u0436\u0434\u044b\u0439 \u0438\u043c\u043f\u043b\u0430\u043d\u0442\u0430\u0442 \u0440\u0430\u0437\u0440\u0430\u0431\u0430\u0442\u044b\u0432\u0430\u0435\u0442\u0441\u044f \u0441 \u0443\u0447\u0451\u0442\u043e\u043c \u043e\u0441\u043e\u0431\u0435\u043d\u043d\u043e\u0441\u0442\u0435\u0439 \u0441\u0442\u0440\u043e\u0435\u043d\u0438\u044f \u0432\u0430\u0448\u0435\u0439 \u0447\u0435\u043b\u044e\u0441\u0442\u0438 \u0441 \u0438\u0441\u043f\u043e\u043b\u044c\u0437\u043e\u0432\u0430\u043d\u0438\u0435\u043c 3D-\u0442\u043e\u043c\u043e\u0433\u0440\u0430\u0444\u0438\u0438, \u043a\u043e\u0441\u0442\u043d\u043e\u0439 \u0434\u0435\u043d\u0441\u0438\u0442\u043e\u043c\u0435\u0442\u0440\u0438\u0438 \u0438 \u0432\u0438\u0440\u0442\u0443\u0430\u043b\u044c\u043d\u043e\u0433\u043e \u043f\u043b\u0430\u043d\u0438\u0440\u043e\u0432\u0430\u043d\u0438\u044f. \u041c\u044b \u0438\u0441\u043f\u043e\u043b\u044c\u0437\u0443\u0435\u043c \u0438\u043c\u043f\u043b\u0430\u043d\u0442\u0430\u0442\u044b, \u0431\u0440\u0435\u043d\u0434\u044b \u043a\u043e\u0442\u043e\u0440\u044b\u0445 \u043f\u0440\u0438\u0437\u043d\u0430\u043d\u044b \u0437\u043e\u043b\u043e\u0442\u044b\u043c\u0438 \u0441\u0442\u0430\u043d\u0434\u0430\u0440\u0442\u0430\u043c\u0438 \u0432\u043e \u0432\u0441\u0451\u043c \u043c\u0438\u0440\u0435.<\/p>\n\n\n\n<p>\u0426\u0435\u043b\u044c \u0437\u0434\u0435\u0441\u044c \u043d\u0435 \u043f\u0440\u043e\u0441\u0442\u043e \u0432 \u0437\u0430\u043c\u0435\u043d\u0435 \u0443\u0442\u0440\u0430\u0447\u0435\u043d\u043d\u043e\u0433\u043e \u0437\u0443\u0431\u0430; \u0446\u0435\u043b\u044c \u2014 \u043e\u0431\u0435\u0441\u043f\u0435\u0447\u0438\u0442\u044c \u0443\u043b\u044b\u0431\u043a\u0443 \u043d\u0430 \u0432\u0441\u044e \u0436\u0438\u0437\u043d\u044c, \u0441 \u0435\u0441\u0442\u0435\u0441\u0442\u0432\u0435\u043d\u043d\u044b\u043c \u0432\u0438\u0434\u043e\u043c \u0438 \u043a\u043e\u043c\u0444\u043e\u0440\u0442\u043e\u043c. \u0414\u043b\u044f \u0438\u043d\u043e\u0441\u0442\u0440\u0430\u043d\u043d\u044b\u0445 \u043f\u0430\u0446\u0438\u0435\u043d\u0442\u043e\u0432, \u0436\u0435\u043b\u0430\u044e\u0449\u0438\u0445 \u043f\u0440\u043e\u0439\u0442\u0438 \u0438\u043c\u043f\u043b\u0430\u043d\u0442\u0430\u0446\u0438\u044e \u0432 \u0421\u0442\u0430\u043c\u0431\u0443\u043b\u0435 \u0438 \u0422\u0443\u0440\u0446\u0438\u0438, Valinor \u2014 \u044d\u0442\u043e \u043c\u0435\u0441\u0442\u043e, \u0433\u0434\u0435 \u0446\u0435\u043d\u044f\u0442 \u0434\u043e\u0432\u0435\u0440\u0438\u0435 \u0438 \u043a\u0430\u0447\u0435\u0441\u0442\u0432\u043e.<\/p>","protected":false},"excerpt":{"rendered":"<p>Valinor Dental Clinic, dental implant uygulamalar\u0131nda uluslararas\u0131 standartlar\u0131 a\u015fan bir yakla\u015f\u0131mla hizmet verir. 3D tomografi, kemik dansitometri \u00f6l\u00e7\u00fcmleri ve sanal planlama ile her implant, \u00e7ene yap\u0131n\u0131za en uygun \u015fekilde planlan\u0131r. Kullan\u0131lan implant markalar\u0131, d\u00fcnya \u00e7ap\u0131nda alt\u0131n standart olarak kabul edilen \u00fcr\u00fcnlerden se\u00e7ilir. Burada ama\u00e7 yaln\u0131zca kaybedilen di\u015fin yerine yenisini koymak de\u011fil; \u00f6m\u00fcr boyu dayan\u0131kl\u0131, do\u011fal [&hellip;]<\/p>\n","protected":false},"author":2,"featured_media":0,"parent":0,"menu_order":0,"comment_status":"closed","ping_status":"closed","template":"","meta":{"_gspb_post_css":"#gspb_row-id-gsbp-a47e589{justify-content:space-between;margin-top:0;display:flex;flex-wrap:wrap;min-height:700px;align-content:flex-end;margin-bottom:100px;background-size:cover;background-repeat:no-repeat;background-position:60% 18%;background-image:url(https:\/\/valinordentalclinic.com\/wp-content\/uploads\/2025\/11\/Dental-Implant-Tedavileri.webp);isolation:isolate}#gspb_row-id-gsbp-a47e589>.gspb_row__content{display:flex;justify-content:space-between;margin:0 auto;width:100%;flex-wrap:wrap;align-items:flex-end}.gspb_row{position:relative}div[id^=gspb_col-id]{box-sizing:border-box;position:relative;padding:var(--gs-row-column-padding, 15px min(3vw, 20px))}body.gspb-bodyfront #gspb_row-id-gsbp-a47e589>.gspb_row__content{width:var(--theme-container-width, 1200px);max-width:var(--theme-normal-container-max-width, 1200px)}#gspb_row-id-gsbp-a47e589:hover{background-size:cover}#gspb_row-id-gsbp-a47e589>.gspb_backgroundOverlay{position:absolute;top:0;left:0;width:100%;height:100%;z-index:-1;opacity:.5;background-image:linear-gradient(180deg,#868f96 0,#000 100%)}#gspb_col-id-gsbp-8178b56.gspb_row__col--12{width:100%}@media (max-width:575.98px){#gspb_col-id-gsbp-8178b56.gspb_row__col--12{width:100%}}.gspb_row #gspb_col-id-gsbp-8178b56.gspb_row__col--12{padding-bottom:200px}#gspb_heading-id-gsbp-fa62b3f{font-size:47px;line-height:47px;text-align:center!important}#gspb_heading-id-gsbp-fa62b3f .gsap-g-line{text-align:center!important}","footnotes":""},"class_list":["post-1126","page","type-page","status-publish","hentry"],"blocksy_meta":[],"_links":{"self":[{"href":"https:\/\/valinordentalclinic.com\/ru\/wp-json\/wp\/v2\/pages\/1126","targetHints":{"allow":["GET"]}}],"collection":[{"href":"https:\/\/valinordentalclinic.com\/ru\/wp-json\/wp\/v2\/pages"}],"about":[{"href":"https:\/\/valinordentalclinic.com\/ru\/wp-json\/wp\/v2\/types\/page"}],"author":[{"embeddable":true,"href":"https:\/\/valinordentalclinic.com\/ru\/wp-json\/wp\/v2\/users\/2"}],"replies":[{"embeddable":true,"href":"https:\/\/valinordentalclinic.com\/ru\/wp-json\/wp\/v2\/comments?post=1126"}],"version-history":[{"count":6,"href":"https:\/\/valinordentalclinic.com\/ru\/wp-json\/wp\/v2\/pages\/1126\/revisions"}],"predecessor-version":[{"id":1816,"href":"https:\/\/valinordentalclinic.com\/ru\/wp-json\/wp\/v2\/pages\/1126\/revisions\/1816"}],"wp:attachment":[{"href":"https:\/\/valinordentalclinic.com\/ru\/wp-json\/wp\/v2\/media?parent=1126"}],"curies":[{"name":"wp","href":"https:\/\/api.w.org\/{rel}","templated":true}]}}