{"id":1143,"date":"2025-10-27T13:45:43","date_gmt":"2025-10-27T13:45:43","guid":{"rendered":"https:\/\/valinordentalclinic.com\/?page_id=1143"},"modified":"2025-11-30T14:24:01","modified_gmt":"2025-11-30T14:24:01","slug":"trattamento-odontoiatrico-restaurativo","status":"publish","type":"page","link":"https:\/\/valinordentalclinic.com\/it\/restoratif-dis-tedavisi\/","title":{"rendered":"Odontoiatria restaurativa"},"content":{"rendered":"<div class=\"wp-block-greenshift-blocks-row alignfull gspb_row gspb_row-id-gsbp-a47e589\" id=\"gspb_row-id-gsbp-a47e589\"><div class=\"gspb_backgroundOverlay\"><\/div><div class=\"gspb_row__content\"> \n<div class=\"wp-block-greenshift-blocks-row-column gspb_row__col--12 gspb_col-id-gsbp-8178b56\" id=\"gspb_col-id-gsbp-8178b56\">\n<h2 id=\"gspb_heading-id-gsbp-fa62b3f\" class=\"gspb_heading gspb_heading-id-gsbp-fa62b3f\">Odontoiatria restaurativa<\/h2>\n<\/div>\n <\/div><\/div>\n\n\n\n<p>I denti danneggiati, cariati o esteticamente problematici vengono riparati preservando la struttura naturale del dente.<\/p>\n\n\n\n<p>Otturazioni composite<\/p>\n\n\n\n<p>Applicazioni di impiallacciatura laminata<\/p>\n\n\n\n<p>Restauri onlay, overlay e inlay<\/p>\n\n\n\n<p>L&#039;obiettivo non \u00e8 solo riparare il dente, ma anche ottenere risultati esteticamente perfetti, duraturi e dall&#039;aspetto naturale.<\/p>","protected":false},"excerpt":{"rendered":"<p>Hasarl\u0131, \u00e7\u00fcr\u00fck ya da estetik a\u00e7\u0131dan sorunlu di\u015flerde, di\u015fin do\u011fal yap\u0131s\u0131n\u0131 koruyarak onar\u0131m yap\u0131l\u0131r. Kompozit dolgular Lamine veneer uygulamalar\u0131 Onlay, overlay ve inlay restorasyonlar Ama\u00e7 yaln\u0131zca di\u015fi onarmak de\u011fil; ayn\u0131 zamanda estetik a\u00e7\u0131dan kusursuz, dayan\u0131kl\u0131 ve do\u011fal g\u00f6r\u00fcn\u00fcml\u00fc sonu\u00e7lar elde etmektir.<\/p>","protected":false},"author":2,"featured_media":0,"parent":0,"menu_order":0,"comment_status":"closed","ping_status":"closed","template":"","meta":{"_gspb_post_css":"#gspb_row-id-gsbp-a47e589{justify-content:space-between;margin-top:0;display:flex;flex-wrap:wrap;min-height:700px;align-content:flex-end;margin-bottom:100px;background-size:cover;background-repeat:no-repeat;background-position:46% 39%;background-image:url(https:\/\/valinordentalclinic.com\/wp-content\/uploads\/2025\/11\/Restoratif-Tedaviler.webp);isolation:isolate}#gspb_row-id-gsbp-a47e589>.gspb_row__content{display:flex;justify-content:space-between;margin:0 auto;width:100%;flex-wrap:wrap;align-items:flex-end}.gspb_row{position:relative}div[id^=gspb_col-id]{box-sizing:border-box;position:relative;padding:var(--gs-row-column-padding, 15px min(3vw, 20px))}body.gspb-bodyfront #gspb_row-id-gsbp-a47e589>.gspb_row__content{width:var(--theme-container-width, 1200px);max-width:var(--theme-normal-container-max-width, 1200px)}#gspb_row-id-gsbp-a47e589:hover{background-size:cover}#gspb_row-id-gsbp-a47e589>.gspb_backgroundOverlay{position:absolute;top:0;left:0;width:100%;height:100%;z-index:-1;opacity:.5;background-image:linear-gradient(180deg,#868f96 0,#000 100%)}#gspb_col-id-gsbp-8178b56.gspb_row__col--12{width:100%}@media (max-width:575.98px){#gspb_col-id-gsbp-8178b56.gspb_row__col--12{width:100%}}.gspb_row #gspb_col-id-gsbp-8178b56.gspb_row__col--12{padding-bottom:200px}#gspb_heading-id-gsbp-fa62b3f{font-size:47px;line-height:47px;text-align:center!important}#gspb_heading-id-gsbp-fa62b3f .gsap-g-line{text-align:center!important}","footnotes":""},"class_list":["post-1143","page","type-page","status-publish","hentry"],"blocksy_meta":[],"_links":{"self":[{"href":"https:\/\/valinordentalclinic.com\/it\/wp-json\/wp\/v2\/pages\/1143","targetHints":{"allow":["GET"]}}],"collection":[{"href":"https:\/\/valinordentalclinic.com\/it\/wp-json\/wp\/v2\/pages"}],"about":[{"href":"https:\/\/valinordentalclinic.com\/it\/wp-json\/wp\/v2\/types\/page"}],"author":[{"embeddable":true,"href":"https:\/\/valinordentalclinic.com\/it\/wp-json\/wp\/v2\/users\/2"}],"replies":[{"embeddable":true,"href":"https:\/\/valinordentalclinic.com\/it\/wp-json\/wp\/v2\/comments?post=1143"}],"version-history":[{"count":2,"href":"https:\/\/valinordentalclinic.com\/it\/wp-json\/wp\/v2\/pages\/1143\/revisions"}],"predecessor-version":[{"id":1829,"href":"https:\/\/valinordentalclinic.com\/it\/wp-json\/wp\/v2\/pages\/1143\/revisions\/1829"}],"wp:attachment":[{"href":"https:\/\/valinordentalclinic.com\/it\/wp-json\/wp\/v2\/media?parent=1143"}],"curies":[{"name":"parola chiave","href":"https:\/\/api.w.org\/{rel}","templated":true}]}}