{"id":1138,"date":"2025-10-27T13:43:44","date_gmt":"2025-10-27T13:43:44","guid":{"rendered":"https:\/\/valinordentalclinic.com\/?page_id=1138"},"modified":"2025-11-30T14:23:41","modified_gmt":"2025-11-30T14:23:41","slug":"pedodontie-dentisterie-pediatrique","status":"publish","type":"page","link":"https:\/\/valinordentalclinic.com\/fr\/pedodonti-cocuk-dis-hekimligi\/","title":{"rendered":"P\u00e9dodontie (Dentisterie p\u00e9diatrique)"},"content":{"rendered":"<div class=\"wp-block-greenshift-blocks-row alignfull gspb_row gspb_row-id-gsbp-a47e589\" id=\"gspb_row-id-gsbp-a47e589\"><div class=\"gspb_backgroundOverlay\"><\/div><div class=\"gspb_row__content\"> \n<div class=\"wp-block-greenshift-blocks-row-column gspb_row__col--12 gspb_col-id-gsbp-8178b56\" id=\"gspb_col-id-gsbp-8178b56\">\n<h2 id=\"gspb_heading-id-gsbp-fa62b3f\" class=\"gspb_heading gspb_heading-id-gsbp-fa62b3f\">P\u00e9dodontie (Dentisterie p\u00e9diatrique)<\/h2>\n<\/div>\n <\/div><\/div>\n\n\n\n<p>\u00c0 la clinique dentaire Valinor, la dentisterie p\u00e9diatrique n&#039;est pas seulement consid\u00e9r\u00e9e comme un traitement, mais aussi comme un investissement pr\u00e9ventif pour l&#039;avenir.<\/p>\n\n\n\n<p>L\u2019objectif est d\u2019\u00e9viter que les enfants n\u2019aient peur du dentiste, gr\u00e2ce \u00e0 des proc\u00e9dures ludiques, relaxantes et rassurantes, et de faire en sorte qu\u2019ils quittent la clinique avec le sourire.<\/p>","protected":false},"excerpt":{"rendered":"<p>\u00c0 la clinique dentaire Valinor, la dentisterie p\u00e9diatrique est bien plus qu&#039;un simple traitement\u00a0: c&#039;est un investissement pr\u00e9ventif pour l&#039;avenir. Gr\u00e2ce \u00e0 des pratiques ludiques, relaxantes et rassurantes, les enfants apprennent \u00e0 surmonter leur peur du dentiste et \u00e0 repartir avec le sourire.<\/p>","protected":false},"author":2,"featured_media":0,"parent":0,"menu_order":0,"comment_status":"closed","ping_status":"closed","template":"","meta":{"_gspb_post_css":"#gspb_row-id-gsbp-a47e589{justify-content:space-between;margin-top:0;display:flex;flex-wrap:wrap;min-height:700px;align-content:flex-end;margin-bottom:100px;background-size:cover;background-repeat:no-repeat;background-position:55% 65%;background-image:url(https:\/\/valinordentalclinic.com\/wp-content\/uploads\/2025\/11\/Pedodonti-Cocuk-Dis-Hekimligi.webp);isolation:isolate}#gspb_row-id-gsbp-a47e589>.gspb_row__content{display:flex;justify-content:space-between;margin:0 auto;width:100%;flex-wrap:wrap;align-items:flex-end}.gspb_row{position:relative}div[id^=gspb_col-id]{box-sizing:border-box;position:relative;padding:var(--gs-row-column-padding, 15px min(3vw, 20px))}body.gspb-bodyfront #gspb_row-id-gsbp-a47e589>.gspb_row__content{width:var(--theme-container-width, 1200px);max-width:var(--theme-normal-container-max-width, 1200px)}#gspb_row-id-gsbp-a47e589:hover{background-size:cover}#gspb_row-id-gsbp-a47e589>.gspb_backgroundOverlay{position:absolute;top:0;left:0;width:100%;height:100%;z-index:-1;opacity:.5;background-image:linear-gradient(180deg,#868f96 0,#000 100%)}#gspb_col-id-gsbp-8178b56.gspb_row__col--12{width:100%}@media (max-width:575.98px){#gspb_col-id-gsbp-8178b56.gspb_row__col--12{width:100%}}.gspb_row #gspb_col-id-gsbp-8178b56.gspb_row__col--12{padding-bottom:200px}#gspb_heading-id-gsbp-fa62b3f{font-size:47px;line-height:47px;text-align:center!important}#gspb_heading-id-gsbp-fa62b3f .gsap-g-line{text-align:center!important}","footnotes":""},"class_list":["post-1138","page","type-page","status-publish","hentry"],"blocksy_meta":[],"_links":{"self":[{"href":"https:\/\/valinordentalclinic.com\/fr\/wp-json\/wp\/v2\/pages\/1138","targetHints":{"allow":["GET"]}}],"collection":[{"href":"https:\/\/valinordentalclinic.com\/fr\/wp-json\/wp\/v2\/pages"}],"about":[{"href":"https:\/\/valinordentalclinic.com\/fr\/wp-json\/wp\/v2\/types\/page"}],"author":[{"embeddable":true,"href":"https:\/\/valinordentalclinic.com\/fr\/wp-json\/wp\/v2\/users\/2"}],"replies":[{"embeddable":true,"href":"https:\/\/valinordentalclinic.com\/fr\/wp-json\/wp\/v2\/comments?post=1138"}],"version-history":[{"count":2,"href":"https:\/\/valinordentalclinic.com\/fr\/wp-json\/wp\/v2\/pages\/1138\/revisions"}],"predecessor-version":[{"id":1825,"href":"https:\/\/valinordentalclinic.com\/fr\/wp-json\/wp\/v2\/pages\/1138\/revisions\/1825"}],"wp:attachment":[{"href":"https:\/\/valinordentalclinic.com\/fr\/wp-json\/wp\/v2\/media?parent=1138"}],"curies":[{"name":"wp","href":"https:\/\/api.w.org\/{rel}","templated":true}]}}