{"id":1146,"date":"2025-10-27T13:46:37","date_gmt":"2025-10-27T13:46:37","guid":{"rendered":"https:\/\/valinordentalclinic.com\/?page_id=1146"},"modified":"2025-11-30T14:23:33","modified_gmt":"2025-11-30T14:23:33","slug":"%d8%aa%d8%b4%d8%ae%db%8c%d8%b5-%d9%88-%d8%b1%d8%a7%d8%af%db%8c%d9%88%d9%84%d9%88%da%98%db%8c-%d8%af%d9%87%d8%a7%d9%86","status":"publish","type":"page","link":"https:\/\/valinordentalclinic.com\/fa\/oral-diagnoz-ve-radyoloji\/","title":{"rendered":"\u062a\u0634\u062e\u06cc\u0635 \u0648 \u0631\u0627\u062f\u06cc\u0648\u0644\u0648\u0698\u06cc \u062f\u0647\u0627\u0646 \u0648 \u062f\u0646\u062f\u0627\u0646"},"content":{"rendered":"<div class=\"wp-block-greenshift-blocks-row alignfull gspb_row gspb_row-id-gsbp-a47e589\" id=\"gspb_row-id-gsbp-a47e589\"><div class=\"gspb_backgroundOverlay\"><\/div><div class=\"gspb_row__content\"> \n<div class=\"wp-block-greenshift-blocks-row-column gspb_row__col--12 gspb_col-id-gsbp-8178b56\" id=\"gspb_col-id-gsbp-8178b56\">\n<h2 id=\"gspb_heading-id-gsbp-fa62b3f\" class=\"gspb_heading gspb_heading-id-gsbp-fa62b3f\">\u062a\u0634\u062e\u06cc\u0635 \u0648 \u0631\u0627\u062f\u06cc\u0648\u0644\u0648\u0698\u06cc \u062f\u0647\u0627\u0646 \u0648 \u062f\u0646\u062f\u0627\u0646<\/h2>\n<\/div>\n <\/div><\/div>\n\n\n\n<p>\u062a\u0634\u062e\u06cc\u0635 \u062f\u0642\u06cc\u0642\u060c \u0627\u0633\u0627\u0633 \u062f\u0631\u0645\u0627\u0646 \u0645\u0648\u0641\u0642 \u0627\u0633\u062a. \u0633\u06cc\u0633\u062a\u0645\u200c\u0647\u0627\u06cc \u062a\u0648\u0645\u0648\u06af\u0631\u0627\u0641\u06cc \u0633\u0647\u200c\u0628\u0639\u062f\u06cc \u0648 \u0631\u0627\u062f\u06cc\u0648\u06af\u0631\u0627\u0641\u06cc \u062f\u0648\u0628\u0639\u062f\u06cc \u0645\u0648\u0631\u062f \u0627\u0633\u062a\u0641\u0627\u062f\u0647 \u062f\u0631 \u0648\u0627\u0644\u06cc\u0646\u0648\u0631\u060c \u062d\u062a\u06cc \u06a9\u0648\u0686\u06a9\u062a\u0631\u06cc\u0646 \u062c\u0632\u0626\u06cc\u0627\u062a \u0631\u0627 \u0646\u06cc\u0632 \u0622\u0634\u06a9\u0627\u0631 \u0645\u06cc\u200c\u06a9\u0646\u0646\u062f.<br><br>\u0637\u0631\u062d \u062f\u0631\u0645\u0627\u0646 \u0647\u0631 \u0628\u06cc\u0645\u0627\u0631 \u0628\u0627 \u0627\u0633\u062a\u0641\u0627\u062f\u0647 \u0627\u0632 \u0627\u06cc\u0646 \u062a\u06a9\u0646\u06cc\u06a9\u200c\u0647\u0627\u06cc \u062a\u0635\u0648\u06cc\u0631\u0628\u0631\u062f\u0627\u0631\u06cc \u067e\u06cc\u0634\u0631\u0641\u062a\u0647 \u0627\u06cc\u062c\u0627\u062f \u0645\u06cc\u200c\u0634\u0648\u062f \u0648 \u0646\u062a\u0627\u06cc\u062c \u062f\u0642\u06cc\u0642 \u0648 \u0627\u06cc\u0645\u0646 \u0631\u0627 \u062a\u0636\u0645\u06cc\u0646 \u0645\u06cc\u200c\u06a9\u0646\u062f.<\/p>","protected":false},"excerpt":{"rendered":"<p>Do\u011fru te\u015fhis, ba\u015far\u0131l\u0131 tedavinin temelidir. Valinor\u2019da kullan\u0131lan&nbsp; 3D tomografi ve 2D radyografi sistemleri, en k\u00fc\u00e7\u00fck ayr\u0131nt\u0131lar\u0131 dahi ortaya \u00e7\u0131kar\u0131r. Her hastan\u0131n tedavi plan\u0131, bu ileri g\u00f6r\u00fcnt\u00fcleme teknikleri kullan\u0131larak olu\u015fturulur. B\u00f6ylece hatas\u0131z ve g\u00fcvenli sonu\u00e7lar elde edilir.<\/p>","protected":false},"author":2,"featured_media":0,"parent":0,"menu_order":0,"comment_status":"closed","ping_status":"closed","template":"","meta":{"_gspb_post_css":"#gspb_row-id-gsbp-a47e589{justify-content:space-between;margin-top:0;display:flex;flex-wrap:wrap;min-height:700px;align-content:flex-end;margin-bottom:100px;background-size:cover;background-repeat:no-repeat;background-position:47% 57%;background-image:url(https:\/\/valinordentalclinic.com\/wp-content\/uploads\/2025\/11\/Oral-Diagnoz-ve-Radyoloji.webp);isolation:isolate}#gspb_row-id-gsbp-a47e589>.gspb_row__content{display:flex;justify-content:space-between;margin:0 auto;width:100%;flex-wrap:wrap;align-items:flex-end}.gspb_row{position:relative}div[id^=gspb_col-id]{box-sizing:border-box;position:relative;padding:var(--gs-row-column-padding, 15px min(3vw, 20px))}body.gspb-bodyfront #gspb_row-id-gsbp-a47e589>.gspb_row__content{width:var(--theme-container-width, 1200px);max-width:var(--theme-normal-container-max-width, 1200px)}#gspb_row-id-gsbp-a47e589:hover{background-size:cover}#gspb_row-id-gsbp-a47e589>.gspb_backgroundOverlay{position:absolute;top:0;left:0;width:100%;height:100%;z-index:-1;opacity:.5;background-image:linear-gradient(180deg,#868f96 0,#000 100%)}#gspb_col-id-gsbp-8178b56.gspb_row__col--12{width:100%}@media (max-width:575.98px){#gspb_col-id-gsbp-8178b56.gspb_row__col--12{width:100%}}.gspb_row #gspb_col-id-gsbp-8178b56.gspb_row__col--12{padding-bottom:200px}#gspb_heading-id-gsbp-fa62b3f{font-size:47px;line-height:47px;text-align:center!important}#gspb_heading-id-gsbp-fa62b3f .gsap-g-line{text-align:center!important}","footnotes":""},"class_list":["post-1146","page","type-page","status-publish","hentry"],"blocksy_meta":[],"_links":{"self":[{"href":"https:\/\/valinordentalclinic.com\/fa\/wp-json\/wp\/v2\/pages\/1146","targetHints":{"allow":["GET"]}}],"collection":[{"href":"https:\/\/valinordentalclinic.com\/fa\/wp-json\/wp\/v2\/pages"}],"about":[{"href":"https:\/\/valinordentalclinic.com\/fa\/wp-json\/wp\/v2\/types\/page"}],"author":[{"embeddable":true,"href":"https:\/\/valinordentalclinic.com\/fa\/wp-json\/wp\/v2\/users\/2"}],"replies":[{"embeddable":true,"href":"https:\/\/valinordentalclinic.com\/fa\/wp-json\/wp\/v2\/comments?post=1146"}],"version-history":[{"count":2,"href":"https:\/\/valinordentalclinic.com\/fa\/wp-json\/wp\/v2\/pages\/1146\/revisions"}],"predecessor-version":[{"id":1831,"href":"https:\/\/valinordentalclinic.com\/fa\/wp-json\/wp\/v2\/pages\/1146\/revisions\/1831"}],"wp:attachment":[{"href":"https:\/\/valinordentalclinic.com\/fa\/wp-json\/wp\/v2\/media?parent=1146"}],"curies":[{"name":"\u0648\u0631\u062f\u067e\u0631\u0633","href":"https:\/\/api.w.org\/{rel}","templated":true}]}}