{"id":1132,"date":"2025-10-27T13:41:34","date_gmt":"2025-10-27T13:41:34","guid":{"rendered":"https:\/\/valinordentalclinic.com\/?page_id=1132"},"modified":"2025-11-30T14:23:37","modified_gmt":"2025-11-30T14:23:37","slug":"%d9%be%d9%84%d8%a7%da%a9%d9%87%d8%a7%db%8c-%d8%b4%d9%81%d8%a7%d9%81-%d8%a7%d8%b1%d8%aa%d9%88%d8%af%d9%86%d8%b3%db%8c","status":"publish","type":"page","link":"https:\/\/valinordentalclinic.com\/fa\/ortodonti-seffaf-plaklar\/","title":{"rendered":"\u0627\u0631\u062a\u0648\u062f\u0646\u0633\u06cc \u0648 \u0627\u0644\u0627\u06cc\u0646\u0631\u0647\u0627\u06cc \u0634\u0641\u0627\u0641"},"content":{"rendered":"<div class=\"wp-block-greenshift-blocks-row alignfull gspb_row gspb_row-id-gsbp-a47e589\" id=\"gspb_row-id-gsbp-a47e589\"><div class=\"gspb_backgroundOverlay\"><\/div><div class=\"gspb_row__content\"> \n<div class=\"wp-block-greenshift-blocks-row-column gspb_row__col--12 gspb_col-id-gsbp-8178b56\" id=\"gspb_col-id-gsbp-8178b56\">\n<h2 id=\"gspb_heading-id-gsbp-fa62b3f\" class=\"gspb_heading gspb_heading-id-gsbp-fa62b3f\">\u0627\u0631\u062a\u0648\u062f\u0646\u0633\u06cc \u0648 \u0627\u0644\u0627\u06cc\u0646\u0631\u0647\u0627\u06cc \u0634\u0641\u0627\u0641<\/h2>\n<\/div>\n <\/div><\/div>\n\n\n\n<p>\u062f\u0631 \u0648\u0627\u0644\u06cc\u0646\u0648\u0631\u060c \u062f\u0631\u0645\u0627\u0646\u200c\u0647\u0627\u06cc \u0627\u0631\u062a\u0648\u062f\u0646\u0633\u06cc \u0628\u0647 \u0635\u0648\u0631\u062a \u062c\u062f\u0627\u06af\u0627\u0646\u0647 \u0628\u0631\u0627\u06cc \u0646\u06cc\u0627\u0632\u0647\u0627\u06cc \u0639\u0645\u0644\u06a9\u0631\u062f\u06cc \u0648 \u0632\u06cc\u0628\u0627\u06cc\u06cc \u062a\u0646\u0638\u06cc\u0645 \u0645\u06cc\u200c\u0634\u0648\u0646\u062f. \u0639\u0644\u0627\u0648\u0647 \u0628\u0631 \u0628\u0631\u06cc\u0633\u200c\u0647\u0627\u06cc \u0633\u0646\u062a\u06cc\u060c \u0633\u06cc\u0633\u062a\u0645\u200c\u0647\u0627\u06cc \u0627\u0644\u0627\u06cc\u0646\u0631 \u0634\u0641\u0627\u0641\u060c \u0631\u0627\u0647\u200c\u062d\u0644\u200c\u0647\u0627\u06cc \u0646\u0627\u0645\u0631\u0626\u06cc\u060c \u0631\u0627\u062d\u062a \u0648 \u0633\u0631\u06cc\u0639 \u0627\u0631\u0627\u0626\u0647 \u0645\u06cc\u200c\u062f\u0647\u0646\u062f.<\/p>\n\n\n\n<p>\u0627\u0631\u062a\u0648\u062f\u0646\u0633\u06cc \u06cc\u06a9 \u0631\u0648\u0634 \u062f\u0631\u0645\u0627\u0646\u06cc \u0627\u0633\u062a \u06a9\u0647 \u0646\u0647 \u062a\u0646\u0647\u0627 \u062f\u0646\u062f\u0627\u0646\u200c\u0647\u0627 \u0631\u0627 \u0645\u0631\u062a\u0628 \u0645\u06cc\u200c\u06a9\u0646\u062f\u060c \u0628\u0644\u06a9\u0647 \u0627\u0632 \u0633\u0644\u0627\u0645\u062a \u0645\u0641\u0635\u0644 \u0641\u06a9 \u0646\u06cc\u0632 \u067e\u0634\u062a\u06cc\u0628\u0627\u0646\u06cc \u0645\u06cc\u200c\u06a9\u0646\u062f. \u0627\u06cc\u0646 \u0627\u0645\u0631 \u0628\u0647 \u0628\u06cc\u0645\u0627\u0631\u0627\u0646 \u0627\u06cc\u0646 \u0627\u0645\u06a9\u0627\u0646 \u0631\u0627 \u0645\u06cc\u200c\u062f\u0647\u062f \u06a9\u0647 \u0628\u0647 \u0646\u062a\u0627\u06cc\u062c \u0633\u0627\u0644\u0645\u200c\u062a\u0631 \u0648 \u0627\u0632 \u0646\u0638\u0631 \u0632\u06cc\u0628\u0627\u06cc\u06cc\u200c\u0634\u0646\u0627\u062e\u062a\u06cc \u0645\u0637\u0644\u0648\u0628\u200c\u062a\u0631\u06cc \u062f\u0633\u062a \u06cc\u0627\u0628\u0646\u062f.<\/p>","protected":false},"excerpt":{"rendered":"<p>Valinor\u2019da ortodontik tedaviler, hem fonksiyonel hem estetik a\u00e7\u0131dan ki\u015fiye \u00f6zel planlan\u0131r. Geleneksel braket tedavilerinin yan\u0131 s\u0131ra, \u015feffaf plak sistemleri&nbsp; ile g\u00f6r\u00fcnmez, konforlu ve h\u0131zl\u0131 \u00e7\u00f6z\u00fcmler sunulur. Ortodonti yaln\u0131zca di\u015fleri hizalamak de\u011fil, \u00e7ene eklemi sa\u011fl\u0131\u011f\u0131n\u0131 da destekleyen bir tedavi yakla\u015f\u0131m\u0131d\u0131r. Bu sayede hastalar, hem daha sa\u011fl\u0131kl\u0131 hem de estetik a\u00e7\u0131dan arzu edilen sonu\u00e7lara ula\u015f\u0131r.<\/p>","protected":false},"author":2,"featured_media":0,"parent":0,"menu_order":0,"comment_status":"closed","ping_status":"closed","template":"","meta":{"_gspb_post_css":"#gspb_row-id-gsbp-a47e589{justify-content:space-between;margin-top:0;display:flex;flex-wrap:wrap;min-height:700px;align-content:flex-end;margin-bottom:100px;background-size:cover;background-repeat:no-repeat;background-position:53% 57%;background-image:url(https:\/\/valinordentalclinic.com\/wp-content\/uploads\/2025\/11\/Ortodonti-Seffaf-Plaklar.webp);isolation:isolate}#gspb_row-id-gsbp-a47e589>.gspb_row__content{display:flex;justify-content:space-between;margin:0 auto;width:100%;flex-wrap:wrap;align-items:flex-end}.gspb_row{position:relative}div[id^=gspb_col-id]{box-sizing:border-box;position:relative;padding:var(--gs-row-column-padding, 15px min(3vw, 20px))}body.gspb-bodyfront #gspb_row-id-gsbp-a47e589>.gspb_row__content{width:var(--theme-container-width, 1200px);max-width:var(--theme-normal-container-max-width, 1200px)}#gspb_row-id-gsbp-a47e589:hover{background-size:cover}#gspb_row-id-gsbp-a47e589>.gspb_backgroundOverlay{position:absolute;top:0;left:0;width:100%;height:100%;z-index:-1;opacity:.5;background-image:linear-gradient(180deg,#868f96 0,#000 100%)}#gspb_col-id-gsbp-8178b56.gspb_row__col--12{width:100%}@media (max-width:575.98px){#gspb_col-id-gsbp-8178b56.gspb_row__col--12{width:100%}}.gspb_row #gspb_col-id-gsbp-8178b56.gspb_row__col--12{padding-bottom:200px}#gspb_heading-id-gsbp-fa62b3f{font-size:47px;line-height:47px;text-align:center!important}#gspb_heading-id-gsbp-fa62b3f .gsap-g-line{text-align:center!important}","footnotes":""},"class_list":["post-1132","page","type-page","status-publish","hentry"],"blocksy_meta":[],"_links":{"self":[{"href":"https:\/\/valinordentalclinic.com\/fa\/wp-json\/wp\/v2\/pages\/1132","targetHints":{"allow":["GET"]}}],"collection":[{"href":"https:\/\/valinordentalclinic.com\/fa\/wp-json\/wp\/v2\/pages"}],"about":[{"href":"https:\/\/valinordentalclinic.com\/fa\/wp-json\/wp\/v2\/types\/page"}],"author":[{"embeddable":true,"href":"https:\/\/valinordentalclinic.com\/fa\/wp-json\/wp\/v2\/users\/2"}],"replies":[{"embeddable":true,"href":"https:\/\/valinordentalclinic.com\/fa\/wp-json\/wp\/v2\/comments?post=1132"}],"version-history":[{"count":2,"href":"https:\/\/valinordentalclinic.com\/fa\/wp-json\/wp\/v2\/pages\/1132\/revisions"}],"predecessor-version":[{"id":1818,"href":"https:\/\/valinordentalclinic.com\/fa\/wp-json\/wp\/v2\/pages\/1132\/revisions\/1818"}],"wp:attachment":[{"href":"https:\/\/valinordentalclinic.com\/fa\/wp-json\/wp\/v2\/media?parent=1132"}],"curies":[{"name":"\u0648\u0631\u062f\u067e\u0631\u0633","href":"https:\/\/api.w.org\/{rel}","templated":true}]}}