{"id":1126,"date":"2025-10-27T13:40:05","date_gmt":"2025-10-27T13:40:05","guid":{"rendered":"https:\/\/valinordentalclinic.com\/?page_id=1126"},"modified":"2025-11-30T14:22:51","modified_gmt":"2025-11-30T14:22:51","slug":"%d8%af%d8%b1%d9%85%d8%a7%d9%86%d9%87%d8%a7%db%8c-%d8%a7%db%8c%d9%85%d9%be%d9%84%d9%86%d8%aa-%d8%af%d9%86%d8%af%d8%a7%d9%86","status":"publish","type":"page","link":"https:\/\/valinordentalclinic.com\/fa\/dental-implant-tedavileri\/","title":{"rendered":"\u062f\u0631\u0645\u0627\u0646\u200c\u0647\u0627\u06cc \u0627\u06cc\u0645\u067e\u0644\u0646\u062a \u062f\u0646\u062f\u0627\u0646"},"content":{"rendered":"<div class=\"wp-block-greenshift-blocks-row alignfull gspb_row gspb_row-id-gsbp-a47e589\" id=\"gspb_row-id-gsbp-a47e589\"><div class=\"gspb_backgroundOverlay\"><\/div><div class=\"gspb_row__content\"> \n<div class=\"wp-block-greenshift-blocks-row-column gspb_row__col--12 gspb_col-id-gsbp-8178b56\" id=\"gspb_col-id-gsbp-8178b56\">\n<h2 id=\"gspb_heading-id-gsbp-fa62b3f\" class=\"gspb_heading gspb_heading-id-gsbp-fa62b3f\">\u062f\u0631\u0645\u0627\u0646\u200c\u0647\u0627\u06cc \u0627\u06cc\u0645\u067e\u0644\u0646\u062a \u062f\u0646\u062f\u0627\u0646<\/h2>\n<\/div>\n <\/div><\/div>\n\n\n\n<p>\u06a9\u0644\u06cc\u0646\u06cc\u06a9 \u062f\u0646\u062f\u0627\u0646\u067e\u0632\u0634\u06a9\u06cc \u0648\u0627\u0644\u06cc\u0646\u0648\u0631 \u062e\u062f\u0645\u0627\u062a \u0627\u06cc\u0645\u067e\u0644\u0646\u062a \u062f\u0646\u062f\u0627\u0646\u06cc \u0641\u0631\u0627\u062a\u0631 \u0627\u0632 \u0627\u0633\u062a\u0627\u0646\u062f\u0627\u0631\u062f\u0647\u0627\u06cc \u0628\u06cc\u0646\u200c\u0627\u0644\u0645\u0644\u0644\u06cc \u0627\u0631\u0627\u0626\u0647 \u0645\u06cc\u200c\u062f\u0647\u062f. \u0647\u0631 \u0627\u06cc\u0645\u067e\u0644\u0646\u062a \u0628\u0627 \u0627\u0633\u062a\u0641\u0627\u062f\u0647 \u0627\u0632 \u062a\u0648\u0645\u0648\u06af\u0631\u0627\u0641\u06cc \u0633\u0647\u200c\u0628\u0639\u062f\u06cc\u060c \u0627\u0646\u062f\u0627\u0632\u0647\u200c\u06af\u06cc\u0631\u06cc \u062a\u0631\u0627\u06a9\u0645 \u0627\u0633\u062a\u062e\u0648\u0627\u0646 \u0648 \u0628\u0631\u0646\u0627\u0645\u0647\u200c\u0631\u06cc\u0632\u06cc \u0645\u062c\u0627\u0632\u06cc\u060c \u0628\u0647 \u06af\u0648\u0646\u0647\u200c\u0627\u06cc \u0637\u0631\u0627\u062d\u06cc \u0645\u06cc\u200c\u0634\u0648\u062f \u06a9\u0647 \u0628\u0647 \u0628\u0647\u062a\u0631\u06cc\u0646 \u0634\u06a9\u0644 \u0628\u0627 \u0633\u0627\u062e\u062a\u0627\u0631 \u0641\u06a9 \u0634\u0645\u0627 \u0645\u0637\u0627\u0628\u0642\u062a \u062f\u0627\u0634\u062a\u0647 \u0628\u0627\u0634\u062f. \u0628\u0631\u0646\u062f\u0647\u0627\u06cc \u0627\u06cc\u0645\u067e\u0644\u0646\u062a \u0645\u0648\u0631\u062f \u0627\u0633\u062a\u0641\u0627\u062f\u0647 \u0627\u0632 \u0645\u062d\u0635\u0648\u0644\u0627\u062a\u06cc \u0627\u0646\u062a\u062e\u0627\u0628 \u0645\u06cc\u200c\u0634\u0648\u0646\u062f \u06a9\u0647 \u062f\u0631 \u0633\u0631\u0627\u0633\u0631 \u062c\u0647\u0627\u0646 \u0628\u0647 \u0639\u0646\u0648\u0627\u0646 \u0627\u0633\u062a\u0627\u0646\u062f\u0627\u0631\u062f\u0647\u0627\u06cc \u0637\u0644\u0627\u06cc\u06cc \u0634\u0646\u0627\u062e\u062a\u0647 \u0645\u06cc\u200c\u0634\u0648\u0646\u062f.<\/p>\n\n\n\n<p>\u0647\u062f\u0641 \u0641\u0642\u0637 \u062c\u0627\u06cc\u06af\u0632\u06cc\u0646\u06cc \u062f\u0646\u062f\u0627\u0646 \u0627\u0632 \u062f\u0633\u062a \u0631\u0641\u062a\u0647 \u0646\u06cc\u0633\u062a\u061b \u0628\u0644\u06a9\u0647 \u0627\u06cc\u062c\u0627\u062f \u0644\u0628\u062e\u0646\u062f\u06cc \u0645\u0627\u062f\u0627\u0645 \u0627\u0644\u0639\u0645\u0631\u060c \u0637\u0628\u06cc\u0639\u06cc \u0648 \u0631\u0627\u062d\u062a \u0627\u0633\u062a. \u0628\u0631\u0627\u06cc \u0628\u06cc\u0645\u0627\u0631\u0627\u0646 \u0628\u06cc\u0646 \u0627\u0644\u0645\u0644\u0644\u06cc \u06a9\u0647 \u0628\u0647 \u062f\u0646\u0628\u0627\u0644 \u062f\u0631\u0645\u0627\u0646 \u0627\u06cc\u0645\u067e\u0644\u0646\u062a \u062f\u0631 \u0627\u0633\u062a\u0627\u0646\u0628\u0648\u0644 \u0648 \u062a\u0631\u06a9\u06cc\u0647 \u0647\u0633\u062a\u0646\u062f\u060c \u0648\u0627\u0644\u06cc\u0646\u0648\u0631 \u0646\u0634\u0627\u0646\u06cc \u0627\u0632 \u0627\u0639\u062a\u0645\u0627\u062f \u0648 \u06a9\u06cc\u0641\u06cc\u062a \u0627\u0633\u062a.<\/p>","protected":false},"excerpt":{"rendered":"<p>Valinor Dental Clinic, dental implant uygulamalar\u0131nda uluslararas\u0131 standartlar\u0131 a\u015fan bir yakla\u015f\u0131mla hizmet verir. 3D tomografi, kemik dansitometri \u00f6l\u00e7\u00fcmleri ve sanal planlama ile her implant, \u00e7ene yap\u0131n\u0131za en uygun \u015fekilde planlan\u0131r. Kullan\u0131lan implant markalar\u0131, d\u00fcnya \u00e7ap\u0131nda alt\u0131n standart olarak kabul edilen \u00fcr\u00fcnlerden se\u00e7ilir. Burada ama\u00e7 yaln\u0131zca kaybedilen di\u015fin yerine yenisini koymak de\u011fil; \u00f6m\u00fcr boyu dayan\u0131kl\u0131, do\u011fal [&hellip;]<\/p>\n","protected":false},"author":2,"featured_media":0,"parent":0,"menu_order":0,"comment_status":"closed","ping_status":"closed","template":"","meta":{"_gspb_post_css":"#gspb_row-id-gsbp-a47e589{justify-content:space-between;margin-top:0;display:flex;flex-wrap:wrap;min-height:700px;align-content:flex-end;margin-bottom:100px;background-size:cover;background-repeat:no-repeat;background-position:60% 18%;background-image:url(https:\/\/valinordentalclinic.com\/wp-content\/uploads\/2025\/11\/Dental-Implant-Tedavileri.webp);isolation:isolate}#gspb_row-id-gsbp-a47e589>.gspb_row__content{display:flex;justify-content:space-between;margin:0 auto;width:100%;flex-wrap:wrap;align-items:flex-end}.gspb_row{position:relative}div[id^=gspb_col-id]{box-sizing:border-box;position:relative;padding:var(--gs-row-column-padding, 15px min(3vw, 20px))}body.gspb-bodyfront #gspb_row-id-gsbp-a47e589>.gspb_row__content{width:var(--theme-container-width, 1200px);max-width:var(--theme-normal-container-max-width, 1200px)}#gspb_row-id-gsbp-a47e589:hover{background-size:cover}#gspb_row-id-gsbp-a47e589>.gspb_backgroundOverlay{position:absolute;top:0;left:0;width:100%;height:100%;z-index:-1;opacity:.5;background-image:linear-gradient(180deg,#868f96 0,#000 100%)}#gspb_col-id-gsbp-8178b56.gspb_row__col--12{width:100%}@media (max-width:575.98px){#gspb_col-id-gsbp-8178b56.gspb_row__col--12{width:100%}}.gspb_row #gspb_col-id-gsbp-8178b56.gspb_row__col--12{padding-bottom:200px}#gspb_heading-id-gsbp-fa62b3f{font-size:47px;line-height:47px;text-align:center!important}#gspb_heading-id-gsbp-fa62b3f .gsap-g-line{text-align:center!important}","footnotes":""},"class_list":["post-1126","page","type-page","status-publish","hentry"],"blocksy_meta":[],"_links":{"self":[{"href":"https:\/\/valinordentalclinic.com\/fa\/wp-json\/wp\/v2\/pages\/1126","targetHints":{"allow":["GET"]}}],"collection":[{"href":"https:\/\/valinordentalclinic.com\/fa\/wp-json\/wp\/v2\/pages"}],"about":[{"href":"https:\/\/valinordentalclinic.com\/fa\/wp-json\/wp\/v2\/types\/page"}],"author":[{"embeddable":true,"href":"https:\/\/valinordentalclinic.com\/fa\/wp-json\/wp\/v2\/users\/2"}],"replies":[{"embeddable":true,"href":"https:\/\/valinordentalclinic.com\/fa\/wp-json\/wp\/v2\/comments?post=1126"}],"version-history":[{"count":6,"href":"https:\/\/valinordentalclinic.com\/fa\/wp-json\/wp\/v2\/pages\/1126\/revisions"}],"predecessor-version":[{"id":1816,"href":"https:\/\/valinordentalclinic.com\/fa\/wp-json\/wp\/v2\/pages\/1126\/revisions\/1816"}],"wp:attachment":[{"href":"https:\/\/valinordentalclinic.com\/fa\/wp-json\/wp\/v2\/media?parent=1126"}],"curies":[{"name":"\u0648\u0631\u062f\u067e\u0631\u0633","href":"https:\/\/api.w.org\/{rel}","templated":true}]}}