{"id":1148,"date":"2025-10-27T13:46:57","date_gmt":"2025-10-27T13:46:57","guid":{"rendered":"https:\/\/valinordentalclinic.com\/?page_id=1148"},"modified":"2025-11-30T14:23:26","modified_gmt":"2025-11-30T14:23:26","slug":"medikal-estetik-uygulamalar","status":"publish","type":"page","link":"https:\/\/valinordentalclinic.com\/en\/medikal-estetik-uygulamalar\/","title":{"rendered":"Medical Aesthetic Applications"},"content":{"rendered":"<div class=\"wp-block-greenshift-blocks-row alignfull gspb_row gspb_row-id-gsbp-a47e589\" id=\"gspb_row-id-gsbp-a47e589\"><div class=\"gspb_backgroundOverlay\"><\/div><div class=\"gspb_row__content\"> \n<div class=\"wp-block-greenshift-blocks-row-column gspb_row__col--12 gspb_col-id-gsbp-8178b56\" id=\"gspb_col-id-gsbp-8178b56\">\n<h2 id=\"gspb_heading-id-gsbp-fa62b3f\" class=\"gspb_heading gspb_heading-id-gsbp-fa62b3f\">Medical Aesthetic Applications<\/h2>\n<\/div>\n <\/div><\/div>\n\n\n\n<p>Valinor Dental Clinic, di\u015f tedavilerinin \u00f6tesine ge\u00e7erek y\u00fcz esteti\u011fini de kapsayan medikal estetik uygulamalar sunar. Botoks, dermal dolgu i\u015flemleri ger\u00e7ekle\u015ftirilir.<\/p>\n\n\n\n<p>Ama\u00e7, di\u015f esteti\u011fini y\u00fcz b\u00fct\u00fcnl\u00fc\u011f\u00fc ile uyumlu hale getirmek ve hastalara gen\u00e7, canl\u0131 ve do\u011fal bir g\u00f6r\u00fcn\u00fcm kazand\u0131rmakt\u0131r.<\/p>","protected":false},"excerpt":{"rendered":"<p>Valinor Dental Clinic offers medical aesthetic procedures that go beyond dental treatments and include facial aesthetics. We perform Botox and dermal filler procedures. The goal is to harmonize dental aesthetics with facial integrity and achieve a youthful, vibrant, and natural appearance for patients.<\/p>","protected":false},"author":2,"featured_media":0,"parent":0,"menu_order":0,"comment_status":"closed","ping_status":"closed","template":"","meta":{"_gspb_post_css":"#gspb_row-id-gsbp-a47e589{justify-content:space-between;margin-top:0;display:flex;flex-wrap:wrap;min-height:700px;align-content:flex-end;margin-bottom:100px;background-size:cover;background-repeat:no-repeat;background-position:45% 28%;background-image:url(https:\/\/valinordentalclinic.com\/wp-content\/uploads\/2025\/11\/Medikal-Estetik-botox-ve-dermal-dolgu.webp);isolation:isolate}#gspb_row-id-gsbp-a47e589>.gspb_row__content{display:flex;justify-content:space-between;margin:0 auto;width:100%;flex-wrap:wrap;align-items:flex-end}.gspb_row{position:relative}div[id^=gspb_col-id]{box-sizing:border-box;position:relative;padding:var(--gs-row-column-padding, 15px min(3vw, 20px))}body.gspb-bodyfront #gspb_row-id-gsbp-a47e589>.gspb_row__content{width:var(--theme-container-width, 1200px);max-width:var(--theme-normal-container-max-width, 1200px)}#gspb_row-id-gsbp-a47e589:hover{background-size:cover}#gspb_row-id-gsbp-a47e589>.gspb_backgroundOverlay{position:absolute;top:0;left:0;width:100%;height:100%;z-index:-1;opacity:.5;background-image:linear-gradient(180deg,#868f96 0,#000 100%)}#gspb_col-id-gsbp-8178b56.gspb_row__col--12{width:100%}@media (max-width:575.98px){#gspb_col-id-gsbp-8178b56.gspb_row__col--12{width:100%}}.gspb_row #gspb_col-id-gsbp-8178b56.gspb_row__col--12{padding-bottom:200px}#gspb_heading-id-gsbp-fa62b3f{font-size:47px;line-height:47px;text-align:center!important}#gspb_heading-id-gsbp-fa62b3f .gsap-g-line{text-align:center!important}","footnotes":""},"class_list":["post-1148","page","type-page","status-publish","hentry"],"blocksy_meta":[],"_links":{"self":[{"href":"https:\/\/valinordentalclinic.com\/en\/wp-json\/wp\/v2\/pages\/1148","targetHints":{"allow":["GET"]}}],"collection":[{"href":"https:\/\/valinordentalclinic.com\/en\/wp-json\/wp\/v2\/pages"}],"about":[{"href":"https:\/\/valinordentalclinic.com\/en\/wp-json\/wp\/v2\/types\/page"}],"author":[{"embeddable":true,"href":"https:\/\/valinordentalclinic.com\/en\/wp-json\/wp\/v2\/users\/2"}],"replies":[{"embeddable":true,"href":"https:\/\/valinordentalclinic.com\/en\/wp-json\/wp\/v2\/comments?post=1148"}],"version-history":[{"count":2,"href":"https:\/\/valinordentalclinic.com\/en\/wp-json\/wp\/v2\/pages\/1148\/revisions"}],"predecessor-version":[{"id":1833,"href":"https:\/\/valinordentalclinic.com\/en\/wp-json\/wp\/v2\/pages\/1148\/revisions\/1833"}],"wp:attachment":[{"href":"https:\/\/valinordentalclinic.com\/en\/wp-json\/wp\/v2\/media?parent=1148"}],"curies":[{"name":"wp","href":"https:\/\/api.w.org\/{rel}","templated":true}]}}