{"id":1138,"date":"2025-10-27T13:43:44","date_gmt":"2025-10-27T13:43:44","guid":{"rendered":"https:\/\/valinordentalclinic.com\/?page_id=1138"},"modified":"2025-11-30T14:23:41","modified_gmt":"2025-11-30T14:23:41","slug":"pedodonti-cocuk-dis-hekimligi","status":"publish","type":"page","link":"https:\/\/valinordentalclinic.com\/de\/pedodonti-cocuk-dis-hekimligi\/","title":{"rendered":"Kinderzahnheilkunde (Pedodontics)"},"content":{"rendered":"<div class=\"wp-block-greenshift-blocks-row alignfull gspb_row gspb_row-id-gsbp-a47e589\" id=\"gspb_row-id-gsbp-a47e589\"><div class=\"gspb_backgroundOverlay\"><\/div><div class=\"gspb_row__content\"> \n<div class=\"wp-block-greenshift-blocks-row-column gspb_row__col--12 gspb_col-id-gsbp-8178b56\" id=\"gspb_col-id-gsbp-8178b56\">\n<h2 id=\"gspb_heading-id-gsbp-fa62b3f\" class=\"gspb_heading gspb_heading-id-gsbp-fa62b3f\">Kinderzahnheilkunde (Pedodontics)<\/h2>\n<\/div>\n <\/div><\/div>\n\n\n\n<p>Valinor Dental Clinic\u2019te \u00e7ocuk di\u015f hekimli\u011fi yaln\u0131zca tedavi de\u011fil, gelecek i\u00e7in koruyucu bir yat\u0131r\u0131m olarak g\u00f6r\u00fcl\u00fcr.<\/p>\n\n\n\n<p>E\u011flenceli, rahatlat\u0131c\u0131 ve g\u00fcven veren bir \u015fekilde yap\u0131lan uygulamalar sayesinde \u00e7ocuklar di\u015f hekimi korkusu ya\u015famamas\u0131; aksine g\u00fcl\u00fcmseyerek klinikten ayr\u0131lmas\u0131 ama\u00e7lan\u0131r.<\/p>","protected":false},"excerpt":{"rendered":"<p>In der Zahnklinik Valinor ist Kinderzahnheilkunde nicht nur eine Behandlung, sondern eine Investition in die Zukunft. Durch spielerische, entspannende und beruhigende Methoden werden Kinder ermutigt, ihre Angst vor dem Zahnarzt zu \u00fcberwinden und die Klinik mit einem L\u00e4cheln zu verlassen.<\/p>","protected":false},"author":2,"featured_media":0,"parent":0,"menu_order":0,"comment_status":"closed","ping_status":"closed","template":"","meta":{"_gspb_post_css":"#gspb_row-id-gsbp-a47e589{justify-content:space-between;margin-top:0;display:flex;flex-wrap:wrap;min-height:700px;align-content:flex-end;margin-bottom:100px;background-size:cover;background-repeat:no-repeat;background-position:55% 65%;background-image:url(https:\/\/valinordentalclinic.com\/wp-content\/uploads\/2025\/11\/Pedodonti-Cocuk-Dis-Hekimligi.webp);isolation:isolate}#gspb_row-id-gsbp-a47e589>.gspb_row__content{display:flex;justify-content:space-between;margin:0 auto;width:100%;flex-wrap:wrap;align-items:flex-end}.gspb_row{position:relative}div[id^=gspb_col-id]{box-sizing:border-box;position:relative;padding:var(--gs-row-column-padding, 15px min(3vw, 20px))}body.gspb-bodyfront #gspb_row-id-gsbp-a47e589>.gspb_row__content{width:var(--theme-container-width, 1200px);max-width:var(--theme-normal-container-max-width, 1200px)}#gspb_row-id-gsbp-a47e589:hover{background-size:cover}#gspb_row-id-gsbp-a47e589>.gspb_backgroundOverlay{position:absolute;top:0;left:0;width:100%;height:100%;z-index:-1;opacity:.5;background-image:linear-gradient(180deg,#868f96 0,#000 100%)}#gspb_col-id-gsbp-8178b56.gspb_row__col--12{width:100%}@media (max-width:575.98px){#gspb_col-id-gsbp-8178b56.gspb_row__col--12{width:100%}}.gspb_row #gspb_col-id-gsbp-8178b56.gspb_row__col--12{padding-bottom:200px}#gspb_heading-id-gsbp-fa62b3f{font-size:47px;line-height:47px;text-align:center!important}#gspb_heading-id-gsbp-fa62b3f .gsap-g-line{text-align:center!important}","footnotes":""},"class_list":["post-1138","page","type-page","status-publish","hentry"],"blocksy_meta":[],"_links":{"self":[{"href":"https:\/\/valinordentalclinic.com\/de\/wp-json\/wp\/v2\/pages\/1138","targetHints":{"allow":["GET"]}}],"collection":[{"href":"https:\/\/valinordentalclinic.com\/de\/wp-json\/wp\/v2\/pages"}],"about":[{"href":"https:\/\/valinordentalclinic.com\/de\/wp-json\/wp\/v2\/types\/page"}],"author":[{"embeddable":true,"href":"https:\/\/valinordentalclinic.com\/de\/wp-json\/wp\/v2\/users\/2"}],"replies":[{"embeddable":true,"href":"https:\/\/valinordentalclinic.com\/de\/wp-json\/wp\/v2\/comments?post=1138"}],"version-history":[{"count":2,"href":"https:\/\/valinordentalclinic.com\/de\/wp-json\/wp\/v2\/pages\/1138\/revisions"}],"predecessor-version":[{"id":1825,"href":"https:\/\/valinordentalclinic.com\/de\/wp-json\/wp\/v2\/pages\/1138\/revisions\/1825"}],"wp:attachment":[{"href":"https:\/\/valinordentalclinic.com\/de\/wp-json\/wp\/v2\/media?parent=1138"}],"curies":[{"name":"wp","href":"https:\/\/api.w.org\/{rel}","templated":true}]}}