{"id":1134,"date":"2025-10-27T13:41:59","date_gmt":"2025-10-27T13:41:59","guid":{"rendered":"https:\/\/valinordentalclinic.com\/?page_id=1134"},"modified":"2025-11-30T14:23:02","modified_gmt":"2025-11-30T14:23:02","slug":"endodonti-kanal-tedavisi","status":"publish","type":"page","link":"https:\/\/valinordentalclinic.com\/de\/endodonti-kanal-tedavisi\/","title":{"rendered":"Endodontie (Wurzelkanalbehandlung)"},"content":{"rendered":"<div class=\"wp-block-greenshift-blocks-row alignfull gspb_row gspb_row-id-gsbp-a47e589\" id=\"gspb_row-id-gsbp-a47e589\"><div class=\"gspb_backgroundOverlay\"><\/div><div class=\"gspb_row__content\"> \n<div class=\"wp-block-greenshift-blocks-row-column gspb_row__col--12 gspb_col-id-gsbp-8178b56\" id=\"gspb_col-id-gsbp-8178b56\">\n<h2 id=\"gspb_heading-id-gsbp-fa62b3f\" class=\"gspb_heading gspb_heading-id-gsbp-fa62b3f\">Endodontie (Wurzelkanalbehandlung)<\/h2>\n<\/div>\n <\/div><\/div>\n\n\n\n<p>Kanal tedavisi, di\u015fin kaybedilmeden kurtar\u0131lmas\u0131n\u0131 sa\u011flayan kritik bir aland\u0131r. Valinor\u2019da kullan\u0131lan ileri endodontik cihazlar sayesinde tedaviler \u00e7ok daha k\u0131sa s\u00fcrede, a\u011fr\u0131s\u0131z ve y\u00fcksek ba\u015far\u0131 oran\u0131yla ger\u00e7ekle\u015ftirilir.<\/p>\n\n\n\n<p>Di\u015fin do\u011fal yap\u0131s\u0131n\u0131 korumak, Valinor\u2019un \u00f6nceli\u011fidir. Bu nedenle endodonti uygulamalar\u0131 yaln\u0131zca \u201ctedavi\u201d de\u011fil, ayn\u0131 zamanda di\u015fin \u00f6mr\u00fcn\u00fc uzatan koruyucu bir yakla\u015f\u0131m olarak ele al\u0131n\u0131r.<\/p>","protected":false},"excerpt":{"rendered":"<p>Kanal tedavisi, di\u015fin kaybedilmeden kurtar\u0131lmas\u0131n\u0131 sa\u011flayan kritik bir aland\u0131r. Valinor\u2019da kullan\u0131lan ileri endodontik cihazlar sayesinde tedaviler \u00e7ok daha k\u0131sa s\u00fcrede, a\u011fr\u0131s\u0131z ve y\u00fcksek ba\u015far\u0131 oran\u0131yla ger\u00e7ekle\u015ftirilir. Di\u015fin do\u011fal yap\u0131s\u0131n\u0131 korumak, Valinor\u2019un \u00f6nceli\u011fidir. Bu nedenle endodonti uygulamalar\u0131 yaln\u0131zca \u201ctedavi\u201d de\u011fil, ayn\u0131 zamanda di\u015fin \u00f6mr\u00fcn\u00fc uzatan koruyucu bir yakla\u015f\u0131m olarak ele al\u0131n\u0131r.<\/p>","protected":false},"author":2,"featured_media":0,"parent":0,"menu_order":0,"comment_status":"closed","ping_status":"closed","template":"","meta":{"_gspb_post_css":"#gspb_row-id-gsbp-a47e589{justify-content:space-between;margin-top:0;display:flex;flex-wrap:wrap;min-height:700px;align-content:flex-end;margin-bottom:100px;background-size:cover;background-repeat:no-repeat;background-position:76% 24%;background-image:url(https:\/\/valinordentalclinic.com\/wp-content\/uploads\/2025\/11\/Endodonti-Kanal-Tedavisi.webp);isolation:isolate}#gspb_row-id-gsbp-a47e589>.gspb_row__content{display:flex;justify-content:space-between;margin:0 auto;width:100%;flex-wrap:wrap;align-items:flex-end}.gspb_row{position:relative}div[id^=gspb_col-id]{box-sizing:border-box;position:relative;padding:var(--gs-row-column-padding, 15px min(3vw, 20px))}body.gspb-bodyfront #gspb_row-id-gsbp-a47e589>.gspb_row__content{width:var(--theme-container-width, 1200px);max-width:var(--theme-normal-container-max-width, 1200px)}#gspb_row-id-gsbp-a47e589:hover{background-size:cover}#gspb_row-id-gsbp-a47e589>.gspb_backgroundOverlay{position:absolute;top:0;left:0;width:100%;height:100%;z-index:-1;opacity:.5;background-image:linear-gradient(180deg,#868f96 0,#000 100%)}#gspb_col-id-gsbp-8178b56.gspb_row__col--12{width:100%}@media (max-width:575.98px){#gspb_col-id-gsbp-8178b56.gspb_row__col--12{width:100%}}.gspb_row #gspb_col-id-gsbp-8178b56.gspb_row__col--12{padding-bottom:200px}#gspb_heading-id-gsbp-fa62b3f{font-size:47px;line-height:47px;text-align:center!important}#gspb_heading-id-gsbp-fa62b3f .gsap-g-line{text-align:center!important}","footnotes":""},"class_list":["post-1134","page","type-page","status-publish","hentry"],"blocksy_meta":[],"_links":{"self":[{"href":"https:\/\/valinordentalclinic.com\/de\/wp-json\/wp\/v2\/pages\/1134","targetHints":{"allow":["GET"]}}],"collection":[{"href":"https:\/\/valinordentalclinic.com\/de\/wp-json\/wp\/v2\/pages"}],"about":[{"href":"https:\/\/valinordentalclinic.com\/de\/wp-json\/wp\/v2\/types\/page"}],"author":[{"embeddable":true,"href":"https:\/\/valinordentalclinic.com\/de\/wp-json\/wp\/v2\/users\/2"}],"replies":[{"embeddable":true,"href":"https:\/\/valinordentalclinic.com\/de\/wp-json\/wp\/v2\/comments?post=1134"}],"version-history":[{"count":3,"href":"https:\/\/valinordentalclinic.com\/de\/wp-json\/wp\/v2\/pages\/1134\/revisions"}],"predecessor-version":[{"id":1821,"href":"https:\/\/valinordentalclinic.com\/de\/wp-json\/wp\/v2\/pages\/1134\/revisions\/1821"}],"wp:attachment":[{"href":"https:\/\/valinordentalclinic.com\/de\/wp-json\/wp\/v2\/media?parent=1134"}],"curies":[{"name":"wp","href":"https:\/\/api.w.org\/{rel}","templated":true}]}}