{"id":1128,"date":"2025-10-27T13:40:30","date_gmt":"2025-10-27T13:40:30","guid":{"rendered":"https:\/\/valinordentalclinic.com\/?page_id=1128"},"modified":"2025-11-30T14:22:45","modified_gmt":"2025-11-30T14:22:45","slug":"cene-ve-yuz-cerrahisi","status":"publish","type":"page","link":"https:\/\/valinordentalclinic.com\/de\/cene-ve-yuz-cerrahisi\/","title":{"rendered":"Kiefer- und Gesichtschirurgie"},"content":{"rendered":"<div class=\"wp-block-greenshift-blocks-row alignfull gspb_row gspb_row-id-gsbp-a47e589\" id=\"gspb_row-id-gsbp-a47e589\"><div class=\"gspb_backgroundOverlay\"><\/div><div class=\"gspb_row__content\"> \n<div class=\"wp-block-greenshift-blocks-row-column gspb_row__col--12 gspb_col-id-gsbp-8178b56\" id=\"gspb_col-id-gsbp-8178b56\">\n<h2 id=\"gspb_heading-id-gsbp-fa62b3f\" class=\"gspb_heading gspb_heading-id-gsbp-fa62b3f\"><br><br>Kiefer- und Gesichtschirurgie<\/h2>\n<\/div>\n <\/div><\/div>\n\n\n\n<p>Kieferchirurgische Eingriffe erfordern umfassende Expertise und h\u00f6chste Pr\u00e4zision. Bei Valinor werden diese Eingriffe professionell durchgef\u00fchrt. Das Leistungsspektrum reicht von der Behandlung retinierter Z\u00e4hne und Kieferfrakturen bis hin zu Gelenkoperationen und \u00e4sthetischen Gesichtsbehandlungen.<\/p>\n\n\n\n<p>Modern cerrahi teknikler, y\u00fcksek teknoloji g\u00f6r\u00fcnt\u00fcleme cihazlar\u0131 ve steril ameliyathane ortam\u0131 sayesinde, her operasyon bilimsel g\u00fcvenlik ve hasta konforu \u00f6n planda tutularak ger\u00e7ekle\u015ftirilir.<\/p>","protected":false},"excerpt":{"rendered":"<p>\u00c7ene cerrahisi, ileri uzmanl\u0131k ve titizlik gerektirir. Valinor\u2019da bu operasyonlar, profesyonelce y\u00fcr\u00fct\u00fcl\u00fcr. G\u00f6m\u00fcl\u00fc di\u015f operasyonlar\u0131ndan \u00e7ene k\u0131r\u0131klar\u0131na, eklem cerrahisinden y\u00fcz esteti\u011fine kadar geni\u015f bir alanda hizmet sunulur. Modern cerrahi teknikler, y\u00fcksek teknoloji g\u00f6r\u00fcnt\u00fcleme cihazlar\u0131 ve steril ameliyathane ortam\u0131 sayesinde, her operasyon bilimsel g\u00fcvenlik ve hasta konforu \u00f6n planda tutularak ger\u00e7ekle\u015ftirilir.<\/p>","protected":false},"author":2,"featured_media":0,"parent":0,"menu_order":0,"comment_status":"closed","ping_status":"closed","template":"","meta":{"_gspb_post_css":"#gspb_row-id-gsbp-a47e589{justify-content:space-between;margin-top:0;display:flex;flex-wrap:wrap;min-height:700px;align-content:flex-end;margin-bottom:100px;background-size:cover;background-repeat:no-repeat;background-position:50% 42%;background-image:url(https:\/\/valinordentalclinic.com\/wp-content\/uploads\/2025\/11\/Cene-ve-Yuz-Cerrahisi.webp);isolation:isolate}#gspb_row-id-gsbp-a47e589>.gspb_row__content{display:flex;justify-content:space-between;margin:0 auto;width:100%;flex-wrap:wrap;align-items:flex-end}.gspb_row{position:relative}div[id^=gspb_col-id]{box-sizing:border-box;position:relative;padding:var(--gs-row-column-padding, 15px min(3vw, 20px))}body.gspb-bodyfront #gspb_row-id-gsbp-a47e589>.gspb_row__content{width:var(--theme-container-width, 1200px);max-width:var(--theme-normal-container-max-width, 1200px)}#gspb_row-id-gsbp-a47e589:hover{background-size:cover}#gspb_row-id-gsbp-a47e589>.gspb_backgroundOverlay{position:absolute;top:0;left:0;width:100%;height:100%;z-index:-1;opacity:.5;background-image:linear-gradient(180deg,#868f96 0,#000 100%)}#gspb_col-id-gsbp-8178b56.gspb_row__col--12{width:100%}@media (max-width:575.98px){#gspb_col-id-gsbp-8178b56.gspb_row__col--12{width:100%}}.gspb_row #gspb_col-id-gsbp-8178b56.gspb_row__col--12{padding-bottom:200px}#gspb_heading-id-gsbp-fa62b3f{font-size:47px;line-height:47px;text-align:center!important}#gspb_heading-id-gsbp-fa62b3f .gsap-g-line{text-align:center!important}","footnotes":""},"class_list":["post-1128","page","type-page","status-publish","hentry"],"blocksy_meta":[],"_links":{"self":[{"href":"https:\/\/valinordentalclinic.com\/de\/wp-json\/wp\/v2\/pages\/1128","targetHints":{"allow":["GET"]}}],"collection":[{"href":"https:\/\/valinordentalclinic.com\/de\/wp-json\/wp\/v2\/pages"}],"about":[{"href":"https:\/\/valinordentalclinic.com\/de\/wp-json\/wp\/v2\/types\/page"}],"author":[{"embeddable":true,"href":"https:\/\/valinordentalclinic.com\/de\/wp-json\/wp\/v2\/users\/2"}],"replies":[{"embeddable":true,"href":"https:\/\/valinordentalclinic.com\/de\/wp-json\/wp\/v2\/comments?post=1128"}],"version-history":[{"count":4,"href":"https:\/\/valinordentalclinic.com\/de\/wp-json\/wp\/v2\/pages\/1128\/revisions"}],"predecessor-version":[{"id":1815,"href":"https:\/\/valinordentalclinic.com\/de\/wp-json\/wp\/v2\/pages\/1128\/revisions\/1815"}],"wp:attachment":[{"href":"https:\/\/valinordentalclinic.com\/de\/wp-json\/wp\/v2\/media?parent=1128"}],"curies":[{"name":"wp","href":"https:\/\/api.w.org\/{rel}","templated":true}]}}