{"id":1126,"date":"2025-10-27T13:40:05","date_gmt":"2025-10-27T13:40:05","guid":{"rendered":"https:\/\/valinordentalclinic.com\/?page_id=1126"},"modified":"2025-11-30T14:22:51","modified_gmt":"2025-11-30T14:22:51","slug":"dental-implant-tedavileri","status":"publish","type":"page","link":"https:\/\/valinordentalclinic.com\/de\/dental-implant-tedavileri\/","title":{"rendered":"Zahnimplantatbehandlungen"},"content":{"rendered":"<div class=\"wp-block-greenshift-blocks-row alignfull gspb_row gspb_row-id-gsbp-a47e589\" id=\"gspb_row-id-gsbp-a47e589\"><div class=\"gspb_backgroundOverlay\"><\/div><div class=\"gspb_row__content\"> \n<div class=\"wp-block-greenshift-blocks-row-column gspb_row__col--12 gspb_col-id-gsbp-8178b56\" id=\"gspb_col-id-gsbp-8178b56\">\n<h2 id=\"gspb_heading-id-gsbp-fa62b3f\" class=\"gspb_heading gspb_heading-id-gsbp-fa62b3f\">Zahnimplantatbehandlungen<\/h2>\n<\/div>\n <\/div><\/div>\n\n\n\n<p>Die Zahnklinik Valinor bietet Zahnimplantate auf h\u00f6chstem internationalem Niveau. Jedes Implantat wird mithilfe von 3D-Computertomographie, Knochendichtemessung und virtueller Planung optimal an Ihre Kieferstruktur angepasst. Die verwendeten Implantatmarken z\u00e4hlen zu den weltweit anerkannten Goldstandards.<\/p>\n\n\n\n<p>Burada ama\u00e7 yaln\u0131zca kaybedilen di\u015fin yerine yenisini koymak de\u011fil; \u00f6m\u00fcr boyu dayan\u0131kl\u0131, do\u011fal g\u00f6r\u00fcn\u00fcml\u00fc ve konforlu bir g\u00fcl\u00fc\u015f kazand\u0131rmakt\u0131r. \u0130stanbul ve T\u00fcrkiye\u2019de implant tedavisi arayan uluslararas\u0131 hastalar i\u00e7in Valinor, g\u00fcvenin ve kalitenin adresidir.<\/p>","protected":false},"excerpt":{"rendered":"<p>Valinor Dental Clinic, dental implant uygulamalar\u0131nda uluslararas\u0131 standartlar\u0131 a\u015fan bir yakla\u015f\u0131mla hizmet verir. 3D tomografi, kemik dansitometri \u00f6l\u00e7\u00fcmleri ve sanal planlama ile her implant, \u00e7ene yap\u0131n\u0131za en uygun \u015fekilde planlan\u0131r. Kullan\u0131lan implant markalar\u0131, d\u00fcnya \u00e7ap\u0131nda alt\u0131n standart olarak kabul edilen \u00fcr\u00fcnlerden se\u00e7ilir. Burada ama\u00e7 yaln\u0131zca kaybedilen di\u015fin yerine yenisini koymak de\u011fil; \u00f6m\u00fcr boyu dayan\u0131kl\u0131, do\u011fal [&hellip;]<\/p>\n","protected":false},"author":2,"featured_media":0,"parent":0,"menu_order":0,"comment_status":"closed","ping_status":"closed","template":"","meta":{"_gspb_post_css":"#gspb_row-id-gsbp-a47e589{justify-content:space-between;margin-top:0;display:flex;flex-wrap:wrap;min-height:700px;align-content:flex-end;margin-bottom:100px;background-size:cover;background-repeat:no-repeat;background-position:60% 18%;background-image:url(https:\/\/valinordentalclinic.com\/wp-content\/uploads\/2025\/11\/Dental-Implant-Tedavileri.webp);isolation:isolate}#gspb_row-id-gsbp-a47e589>.gspb_row__content{display:flex;justify-content:space-between;margin:0 auto;width:100%;flex-wrap:wrap;align-items:flex-end}.gspb_row{position:relative}div[id^=gspb_col-id]{box-sizing:border-box;position:relative;padding:var(--gs-row-column-padding, 15px min(3vw, 20px))}body.gspb-bodyfront #gspb_row-id-gsbp-a47e589>.gspb_row__content{width:var(--theme-container-width, 1200px);max-width:var(--theme-normal-container-max-width, 1200px)}#gspb_row-id-gsbp-a47e589:hover{background-size:cover}#gspb_row-id-gsbp-a47e589>.gspb_backgroundOverlay{position:absolute;top:0;left:0;width:100%;height:100%;z-index:-1;opacity:.5;background-image:linear-gradient(180deg,#868f96 0,#000 100%)}#gspb_col-id-gsbp-8178b56.gspb_row__col--12{width:100%}@media (max-width:575.98px){#gspb_col-id-gsbp-8178b56.gspb_row__col--12{width:100%}}.gspb_row #gspb_col-id-gsbp-8178b56.gspb_row__col--12{padding-bottom:200px}#gspb_heading-id-gsbp-fa62b3f{font-size:47px;line-height:47px;text-align:center!important}#gspb_heading-id-gsbp-fa62b3f .gsap-g-line{text-align:center!important}","footnotes":""},"class_list":["post-1126","page","type-page","status-publish","hentry"],"blocksy_meta":[],"_links":{"self":[{"href":"https:\/\/valinordentalclinic.com\/de\/wp-json\/wp\/v2\/pages\/1126","targetHints":{"allow":["GET"]}}],"collection":[{"href":"https:\/\/valinordentalclinic.com\/de\/wp-json\/wp\/v2\/pages"}],"about":[{"href":"https:\/\/valinordentalclinic.com\/de\/wp-json\/wp\/v2\/types\/page"}],"author":[{"embeddable":true,"href":"https:\/\/valinordentalclinic.com\/de\/wp-json\/wp\/v2\/users\/2"}],"replies":[{"embeddable":true,"href":"https:\/\/valinordentalclinic.com\/de\/wp-json\/wp\/v2\/comments?post=1126"}],"version-history":[{"count":6,"href":"https:\/\/valinordentalclinic.com\/de\/wp-json\/wp\/v2\/pages\/1126\/revisions"}],"predecessor-version":[{"id":1816,"href":"https:\/\/valinordentalclinic.com\/de\/wp-json\/wp\/v2\/pages\/1126\/revisions\/1816"}],"wp:attachment":[{"href":"https:\/\/valinordentalclinic.com\/de\/wp-json\/wp\/v2\/media?parent=1126"}],"curies":[{"name":"wp","href":"https:\/\/api.w.org\/{rel}","templated":true}]}}