{"id":1141,"date":"2025-10-27T13:45:05","date_gmt":"2025-10-27T13:45:05","guid":{"rendered":"https:\/\/valinordentalclinic.com\/?page_id=1141"},"modified":"2025-11-30T14:23:51","modified_gmt":"2025-11-30T14:23:51","slug":"protez-dis-mualic%c9%99si","status":"publish","type":"page","link":"https:\/\/valinordentalclinic.com\/az\/protetik-dis-tedavisi\/","title":{"rendered":"Protez Di\u015f M\u00fcalic\u0259si"},"content":{"rendered":"<div class=\"wp-block-greenshift-blocks-row alignfull gspb_row gspb_row-id-gsbp-a47e589\" id=\"gspb_row-id-gsbp-a47e589\"><div class=\"gspb_backgroundOverlay\"><\/div><div class=\"gspb_row__content\"> \n<div class=\"wp-block-greenshift-blocks-row-column gspb_row__col--12 gspb_col-id-gsbp-8178b56\" id=\"gspb_col-id-gsbp-8178b56\">\n<h2 id=\"gspb_heading-id-gsbp-fa62b3f\" class=\"gspb_heading gspb_heading-id-gsbp-fa62b3f\">Protez Di\u015f M\u00fcalic\u0259si<\/h2>\n<\/div>\n <\/div><\/div>\n\n\n\n<p>Valinor Di\u015f Klinikas\u0131nda \u0259skik di\u015fl\u0259rin yerin\u0259 m\u00fcasir v\u0259 davaml\u0131 protez h\u0259ll\u0259r t\u0259tbiq edilir.<br>Farfor, sirkonium v\u0259 \u015f\u00fc\u015f\u0259 keramika taclar\u0131<br>Sabit k\u00f6rp\u00fcl\u0259r<br>\u0130mplant d\u0259st\u0259kli sabit v\u0259 \u00e7\u0131xar\u0131la bil\u0259n protezl\u0259r<br>\u00c7\u0259n\u0259 v\u0259 \u00fcz protezl\u0259ri<\/p>\n\n\n\n<p>CAD\/CAM texnologiyas\u0131 say\u0259sind\u0259 protezl\u0259r eyni g\u00fcnd\u0259 y\u00fcks\u0259k d\u0259qiqlikl\u0259 haz\u0131rlanaraq x\u0259st\u0259l\u0259r\u0259 t\u0259bii g\u00f6r\u00fcn\u00fc\u015fl\u00fc, uzun\u00f6m\u00fcrl\u00fc v\u0259 funksional n\u0259tic\u0259l\u0259r ver\u0259 bilir.<\/p>","protected":false},"excerpt":{"rendered":"<p>Valinor Dental Clinic\u2019te eksik di\u015flerin yerine modern ve dayan\u0131kl\u0131 protez \u00e7\u00f6z\u00fcmleri uygulan\u0131r.Porselen, zirkonyum ve cam seramik kronlarSabit k\u00f6pr\u00fcler\u0130mplant \u00fcst\u00fc sabit ve hareketli protezler\u00c7ene ve y\u00fcz protezleri Kullan\u0131lan CAD\/CAM teknolojisi sayesinde protezler ayn\u0131 g\u00fcn i\u00e7erisinde y\u00fcksek hassasiyetle \u00fcretilebilir. B\u00f6ylece hastalara do\u011fal g\u00f6r\u00fcn\u00fcml\u00fc, uzun \u00f6m\u00fcrl\u00fc ve fonksiyonel sonu\u00e7lar sunulur.<\/p>","protected":false},"author":2,"featured_media":0,"parent":0,"menu_order":0,"comment_status":"closed","ping_status":"closed","template":"","meta":{"_gspb_post_css":"#gspb_row-id-gsbp-a47e589{justify-content:space-between;margin-top:0;display:flex;flex-wrap:wrap;min-height:700px;align-content:flex-end;margin-bottom:100px;background-size:cover;background-repeat:no-repeat;background-position:51% 36%;background-image:url(https:\/\/valinordentalclinic.com\/wp-content\/uploads\/2025\/11\/Protetik-tedaviler.webp);isolation:isolate}#gspb_row-id-gsbp-a47e589>.gspb_row__content{display:flex;justify-content:space-between;margin:0 auto;width:100%;flex-wrap:wrap;align-items:flex-end}.gspb_row{position:relative}div[id^=gspb_col-id]{box-sizing:border-box;position:relative;padding:var(--gs-row-column-padding, 15px min(3vw, 20px))}body.gspb-bodyfront #gspb_row-id-gsbp-a47e589>.gspb_row__content{width:var(--theme-container-width, 1200px);max-width:var(--theme-normal-container-max-width, 1200px)}#gspb_row-id-gsbp-a47e589:hover{background-size:cover}#gspb_row-id-gsbp-a47e589>.gspb_backgroundOverlay{position:absolute;top:0;left:0;width:100%;height:100%;z-index:-1;opacity:.5;background-image:linear-gradient(180deg,#868f96 0,#000 100%)}#gspb_col-id-gsbp-8178b56.gspb_row__col--12{width:100%}@media (max-width:575.98px){#gspb_col-id-gsbp-8178b56.gspb_row__col--12{width:100%}}.gspb_row #gspb_col-id-gsbp-8178b56.gspb_row__col--12{padding-bottom:200px}#gspb_heading-id-gsbp-fa62b3f{font-size:47px;line-height:47px;text-align:center!important}#gspb_heading-id-gsbp-fa62b3f .gsap-g-line{text-align:center!important}","footnotes":""},"class_list":["post-1141","page","type-page","status-publish","hentry"],"blocksy_meta":[],"_links":{"self":[{"href":"https:\/\/valinordentalclinic.com\/az\/wp-json\/wp\/v2\/pages\/1141","targetHints":{"allow":["GET"]}}],"collection":[{"href":"https:\/\/valinordentalclinic.com\/az\/wp-json\/wp\/v2\/pages"}],"about":[{"href":"https:\/\/valinordentalclinic.com\/az\/wp-json\/wp\/v2\/types\/page"}],"author":[{"embeddable":true,"href":"https:\/\/valinordentalclinic.com\/az\/wp-json\/wp\/v2\/users\/2"}],"replies":[{"embeddable":true,"href":"https:\/\/valinordentalclinic.com\/az\/wp-json\/wp\/v2\/comments?post=1141"}],"version-history":[{"count":2,"href":"https:\/\/valinordentalclinic.com\/az\/wp-json\/wp\/v2\/pages\/1141\/revisions"}],"predecessor-version":[{"id":1827,"href":"https:\/\/valinordentalclinic.com\/az\/wp-json\/wp\/v2\/pages\/1141\/revisions\/1827"}],"wp:attachment":[{"href":"https:\/\/valinordentalclinic.com\/az\/wp-json\/wp\/v2\/media?parent=1141"}],"curies":[{"name":"wp","href":"https:\/\/api.w.org\/{rel}","templated":true}]}}