{"id":1138,"date":"2025-10-27T13:43:44","date_gmt":"2025-10-27T13:43:44","guid":{"rendered":"https:\/\/valinordentalclinic.com\/?page_id=1138"},"modified":"2025-11-30T14:23:41","modified_gmt":"2025-11-30T14:23:41","slug":"pedodontiya-usaq-stomatologiyasi","status":"publish","type":"page","link":"https:\/\/valinordentalclinic.com\/az\/pedodonti-cocuk-dis-hekimligi\/","title":{"rendered":"Pedodontiya (U\u015faq Stomatologiyas\u0131)"},"content":{"rendered":"<div class=\"wp-block-greenshift-blocks-row alignfull gspb_row gspb_row-id-gsbp-a47e589\" id=\"gspb_row-id-gsbp-a47e589\"><div class=\"gspb_backgroundOverlay\"><\/div><div class=\"gspb_row__content\"> \n<div class=\"wp-block-greenshift-blocks-row-column gspb_row__col--12 gspb_col-id-gsbp-8178b56\" id=\"gspb_col-id-gsbp-8178b56\">\n<h2 id=\"gspb_heading-id-gsbp-fa62b3f\" class=\"gspb_heading gspb_heading-id-gsbp-fa62b3f\">Pedodontiya (U\u015faq Stomatologiyas\u0131)<\/h2>\n<\/div>\n <\/div><\/div>\n\n\n\n<p>Valinor Di\u015f Klinikas\u0131nda u\u015faq stomatologiyas\u0131 t\u0259kc\u0259 m\u00fcalic\u0259 kimi deyil, h\u0259m d\u0259 g\u0259l\u0259c\u0259y\u0259 profilaktik investisiya kimi bax\u0131l\u0131r.<\/p>\n\n\n\n<p>M\u0259qs\u0259d, \u0259yl\u0259nc\u0259li, rahatla\u015fd\u0131r\u0131c\u0131 v\u0259 g\u00fcv\u0259n verici prosedurlar say\u0259sind\u0259 u\u015faqlar\u0131n di\u015f h\u0259kimi qorxusu ya\u015famas\u0131n\u0131n qar\u015f\u0131s\u0131n\u0131 almaq v\u0259 klinikadan g\u00fcl\u00fcms\u0259y\u0259r\u0259k \u00e7\u0131xmalar\u0131n\u0131 t\u0259min etm\u0259kdir.<\/p>","protected":false},"excerpt":{"rendered":"<p>Valinor Di\u015f Klinikas\u0131nda u\u015faq stomatologiyas\u0131 sad\u0259c\u0259 m\u00fcalic\u0259 deyil; g\u0259l\u0259c\u0259y\u0259 profilaktik investisiyad\u0131r. \u018fyl\u0259nc\u0259li, rahatla\u015fd\u0131r\u0131c\u0131 v\u0259 sakitl\u0259\u015fdirici t\u0259cr\u00fcb\u0259l\u0259r vasit\u0259sil\u0259 u\u015faqlar di\u015f h\u0259kimind\u0259n qorxmama\u011fa v\u0259 klinikan\u0131 g\u00fcl\u00fcms\u0259y\u0259r\u0259k t\u0259rk etm\u0259y\u0259 t\u0259\u015fviq olunurlar.<\/p>","protected":false},"author":2,"featured_media":0,"parent":0,"menu_order":0,"comment_status":"closed","ping_status":"closed","template":"","meta":{"_gspb_post_css":"#gspb_row-id-gsbp-a47e589{justify-content:space-between;margin-top:0;display:flex;flex-wrap:wrap;min-height:700px;align-content:flex-end;margin-bottom:100px;background-size:cover;background-repeat:no-repeat;background-position:55% 65%;background-image:url(https:\/\/valinordentalclinic.com\/wp-content\/uploads\/2025\/11\/Pedodonti-Cocuk-Dis-Hekimligi.webp);isolation:isolate}#gspb_row-id-gsbp-a47e589>.gspb_row__content{display:flex;justify-content:space-between;margin:0 auto;width:100%;flex-wrap:wrap;align-items:flex-end}.gspb_row{position:relative}div[id^=gspb_col-id]{box-sizing:border-box;position:relative;padding:var(--gs-row-column-padding, 15px min(3vw, 20px))}body.gspb-bodyfront #gspb_row-id-gsbp-a47e589>.gspb_row__content{width:var(--theme-container-width, 1200px);max-width:var(--theme-normal-container-max-width, 1200px)}#gspb_row-id-gsbp-a47e589:hover{background-size:cover}#gspb_row-id-gsbp-a47e589>.gspb_backgroundOverlay{position:absolute;top:0;left:0;width:100%;height:100%;z-index:-1;opacity:.5;background-image:linear-gradient(180deg,#868f96 0,#000 100%)}#gspb_col-id-gsbp-8178b56.gspb_row__col--12{width:100%}@media (max-width:575.98px){#gspb_col-id-gsbp-8178b56.gspb_row__col--12{width:100%}}.gspb_row #gspb_col-id-gsbp-8178b56.gspb_row__col--12{padding-bottom:200px}#gspb_heading-id-gsbp-fa62b3f{font-size:47px;line-height:47px;text-align:center!important}#gspb_heading-id-gsbp-fa62b3f .gsap-g-line{text-align:center!important}","footnotes":""},"class_list":["post-1138","page","type-page","status-publish","hentry"],"blocksy_meta":[],"_links":{"self":[{"href":"https:\/\/valinordentalclinic.com\/az\/wp-json\/wp\/v2\/pages\/1138","targetHints":{"allow":["GET"]}}],"collection":[{"href":"https:\/\/valinordentalclinic.com\/az\/wp-json\/wp\/v2\/pages"}],"about":[{"href":"https:\/\/valinordentalclinic.com\/az\/wp-json\/wp\/v2\/types\/page"}],"author":[{"embeddable":true,"href":"https:\/\/valinordentalclinic.com\/az\/wp-json\/wp\/v2\/users\/2"}],"replies":[{"embeddable":true,"href":"https:\/\/valinordentalclinic.com\/az\/wp-json\/wp\/v2\/comments?post=1138"}],"version-history":[{"count":2,"href":"https:\/\/valinordentalclinic.com\/az\/wp-json\/wp\/v2\/pages\/1138\/revisions"}],"predecessor-version":[{"id":1825,"href":"https:\/\/valinordentalclinic.com\/az\/wp-json\/wp\/v2\/pages\/1138\/revisions\/1825"}],"wp:attachment":[{"href":"https:\/\/valinordentalclinic.com\/az\/wp-json\/wp\/v2\/media?parent=1138"}],"curies":[{"name":"wp","href":"https:\/\/api.w.org\/{rel}","templated":true}]}}