{"id":1130,"date":"2025-10-27T13:40:56","date_gmt":"2025-10-27T13:40:56","guid":{"rendered":"https:\/\/valinordentalclinic.com\/?page_id=1130"},"modified":"2026-04-02T21:05:18","modified_gmt":"2026-04-02T21:05:18","slug":"estetik-stomatologiya-r%c9%99q%c9%99msal-t%c9%99b%c9%99ssum-dizayni","status":"publish","type":"page","link":"https:\/\/valinordentalclinic.com\/az\/estetik-dis-hekimligi-dijital-gulus-tasarimi\/","title":{"rendered":"Estetik Stomatologiya v\u0259 R\u0259q\u0259msal G\u00fcl\u00fc\u015f Dizayn\u0131"},"content":{"rendered":"<div class=\"wp-block-greenshift-blocks-row alignfull gspb_row gspb_row-id-gsbp-a47e589\" id=\"gspb_row-id-gsbp-a47e589\"><div class=\"gspb_backgroundOverlay\"><\/div><div class=\"gspb_row__content\"> \n<div class=\"wp-block-greenshift-blocks-row-column gspb_row__col--12 gspb_col-id-gsbp-8178b56\" id=\"gspb_col-id-gsbp-8178b56\">\n<h2 id=\"gspb_heading-id-gsbp-fa62b3f\" class=\"gspb_heading gspb_heading-id-gsbp-fa62b3f\">Estetik Stomatologiya v\u0259 R\u0259q\u0259msal G\u00fcl\u00fc\u015f Dizayn\u0131<\/h2>\n<\/div>\n <\/div><\/div>\n\n\n\n<p>G\u00fcl\u00fc\u015f, ki\u015finin imzas\u0131d\u0131r. Valinor Dental Clinic\u2019te estetik di\u015f hekimli\u011fi, yaln\u0131zca di\u015fleri d\u00fczenlemek de\u011fil, ki\u015fiye \u00f6zel bir sanat eseri yaratmakt\u0131r. Valinor; bilimsel titizli\u011fi estetik vizyonla birle\u015ftirerek her hastaya benzersiz bir g\u00fcl\u00fc\u015f kazand\u0131rmay\u0131 ama\u00e7lar.<\/p>\n\n\n\n<p>R\u0259q\u0259msal t\u0259b\u0259ss\u00fcm dizayn proqram t\u0259minat\u0131 say\u0259sind\u0259 x\u0259st\u0259l\u0259r m\u00fcalic\u0259d\u0259n sonra ist\u0259dikl\u0259ri yeni t\u0259b\u0259ss\u00fcm\u00fcn\u00fcz\u00fc ba\u015flamazdan \u0259vv\u0259l g\u00f6r\u00fcnt\u00fcl\u0259y\u0259 bilirl\u0259r. \u015eirk\u0259tin daxili CAD\/CAM sisteml\u0259ri v\u0259 3D printerl\u0259rind\u0259n istifad\u0259 ed\u0259r\u0259k b\u0259rpa i\u015fl\u0259ri eyni g\u00fcnd\u0259 istehsal oluna v\u0259 t\u0259tbiq oluna bil\u0259r.<\/p>","protected":false},"excerpt":{"rendered":"<p>G\u00fcl\u00fc\u015f, ki\u015finin imzas\u0131d\u0131r. Valinor Dental Clinic\u2019te estetik di\u015f hekimli\u011fi, yaln\u0131zca di\u015fleri d\u00fczenlemek de\u011fil, ki\u015fiye \u00f6zel bir sanat eseri yaratmakt\u0131r. Valinor; bilimsel titizli\u011fi estetik vizyonla birle\u015ftirerek her hastaya benzersiz bir g\u00fcl\u00fc\u015f kazand\u0131rmay\u0131 ama\u00e7lar. Dijital g\u00fcl\u00fc\u015f tasar\u0131m\u0131 yaz\u0131l\u0131mlar\u0131 sayesinde hasta, tedaviye ba\u015flamadan \u00f6nce tedavi sonras\u0131 hedeflenen yeni g\u00fcl\u00fc\u015f\u00fcn\u00fc g\u00f6rebilir. B\u00fcnyesinde bulundurdu\u011fu CAD\/CAM sistemleri ve 3D yaz\u0131c\u0131lar kullan\u0131larak [&hellip;]<\/p>\n","protected":false},"author":2,"featured_media":0,"parent":0,"menu_order":0,"comment_status":"closed","ping_status":"closed","template":"","meta":{"_gspb_post_css":"#gspb_row-id-gsbp-a47e589{justify-content:space-between;margin-top:0;display:flex;flex-wrap:wrap;min-height:700px;align-content:flex-end;margin-bottom:100px;background-size:cover;background-repeat:no-repeat;background-position:39% 63%;background-image:url(https:\/\/valinordentalclinic.com\/wp-content\/uploads\/2025\/11\/Estetik-Dis-Hekimligi-Dijital-Gulus-Tasarimi.webp);isolation:isolate}#gspb_row-id-gsbp-a47e589>.gspb_row__content{display:flex;justify-content:space-between;margin:0 auto;width:100%;flex-wrap:wrap;align-items:flex-end}.gspb_row{position:relative}div[id^=gspb_col-id]{box-sizing:border-box;position:relative;padding:var(--gs-row-column-padding, 15px min(3vw, 20px))}body.gspb-bodyfront #gspb_row-id-gsbp-a47e589>.gspb_row__content{width:var(--theme-container-width, 1200px);max-width:var(--theme-normal-container-max-width, 1200px)}#gspb_row-id-gsbp-a47e589:hover{background-size:cover}#gspb_row-id-gsbp-a47e589>.gspb_backgroundOverlay{position:absolute;top:0;left:0;width:100%;height:100%;z-index:-1;opacity:.5;background-image:linear-gradient(180deg,#868f96 0,#000 100%)}#gspb_col-id-gsbp-8178b56.gspb_row__col--12{width:100%}@media (max-width:575.98px){#gspb_col-id-gsbp-8178b56.gspb_row__col--12{width:100%}}.gspb_row #gspb_col-id-gsbp-8178b56.gspb_row__col--12{padding-bottom:200px}#gspb_heading-id-gsbp-fa62b3f{font-size:47px;line-height:47px;text-align:center!important}#gspb_heading-id-gsbp-fa62b3f .gsap-g-line{text-align:center!important}","footnotes":""},"class_list":["post-1130","page","type-page","status-publish","hentry"],"blocksy_meta":[],"_links":{"self":[{"href":"https:\/\/valinordentalclinic.com\/az\/wp-json\/wp\/v2\/pages\/1130","targetHints":{"allow":["GET"]}}],"collection":[{"href":"https:\/\/valinordentalclinic.com\/az\/wp-json\/wp\/v2\/pages"}],"about":[{"href":"https:\/\/valinordentalclinic.com\/az\/wp-json\/wp\/v2\/types\/page"}],"author":[{"embeddable":true,"href":"https:\/\/valinordentalclinic.com\/az\/wp-json\/wp\/v2\/users\/2"}],"replies":[{"embeddable":true,"href":"https:\/\/valinordentalclinic.com\/az\/wp-json\/wp\/v2\/comments?post=1130"}],"version-history":[{"count":7,"href":"https:\/\/valinordentalclinic.com\/az\/wp-json\/wp\/v2\/pages\/1130\/revisions"}],"predecessor-version":[{"id":2117,"href":"https:\/\/valinordentalclinic.com\/az\/wp-json\/wp\/v2\/pages\/1130\/revisions\/2117"}],"wp:attachment":[{"href":"https:\/\/valinordentalclinic.com\/az\/wp-json\/wp\/v2\/media?parent=1130"}],"curies":[{"name":"wp","href":"https:\/\/api.w.org\/{rel}","templated":true}]}}