{"id":1143,"date":"2025-10-27T13:45:43","date_gmt":"2025-10-27T13:45:43","guid":{"rendered":"https:\/\/valinordentalclinic.com\/?page_id=1143"},"modified":"2025-11-30T14:24:01","modified_gmt":"2025-11-30T14:24:01","slug":"restoratif-dis-tedavisi","status":"publish","type":"page","link":"https:\/\/valinordentalclinic.com\/ar\/restoratif-dis-tedavisi\/","title":{"rendered":"\u0637\u0628 \u0627\u0644\u0623\u0633\u0646\u0627\u0646 \u0627\u0644\u062a\u0631\u0645\u064a\u0645\u064a"},"content":{"rendered":"<div class=\"wp-block-greenshift-blocks-row alignfull gspb_row gspb_row-id-gsbp-a47e589\" id=\"gspb_row-id-gsbp-a47e589\"><div class=\"gspb_backgroundOverlay\"><\/div><div class=\"gspb_row__content\"> \n<div class=\"wp-block-greenshift-blocks-row-column gspb_row__col--12 gspb_col-id-gsbp-8178b56\" id=\"gspb_col-id-gsbp-8178b56\">\n<h2 id=\"gspb_heading-id-gsbp-fa62b3f\" class=\"gspb_heading gspb_heading-id-gsbp-fa62b3f\">\u0637\u0628 \u0627\u0644\u0623\u0633\u0646\u0627\u0646 \u0627\u0644\u062a\u0631\u0645\u064a\u0645\u064a<\/h2>\n<\/div>\n <\/div><\/div>\n\n\n\n<p>\u064a\u062a\u0645 \u0625\u0635\u0644\u0627\u062d \u0627\u0644\u0623\u0633\u0646\u0627\u0646 \u0627\u0644\u062a\u0627\u0644\u0641\u0629 \u0623\u0648 \u0627\u0644\u0645\u062a\u0633\u0648\u0633\u0629 \u0623\u0648 \u0627\u0644\u062a\u064a \u0628\u0647\u0627 \u0645\u0634\u0627\u0643\u0644 \u062c\u0645\u0627\u0644\u064a\u0629 \u0645\u0639 \u0627\u0644\u062d\u0641\u0627\u0638 \u0639\u0644\u0649 \u0627\u0644\u0628\u0646\u064a\u0629 \u0627\u0644\u0637\u0628\u064a\u0639\u064a\u0629 \u0644\u0644\u0633\u0646.<\/p>\n\n\n\n<p>\u062d\u0634\u0648\u0627\u062a \u0645\u0631\u0643\u0628\u0629<\/p>\n\n\n\n<p>\u062a\u0637\u0628\u064a\u0642\u0627\u062a \u0627\u0644\u0642\u0634\u0631\u0629 \u0627\u0644\u0631\u0642\u0627\u0626\u0642\u064a\u0629<\/p>\n\n\n\n<p>\u062a\u0631\u0645\u064a\u0645\u0627\u062a \u0623\u0648\u0646\u064a\u0644\u0627\u064a\u060c \u0623\u0648\u0641\u0631\u0644\u0627\u064a\u060c \u0623\u0648 \u0625\u0646\u0644\u0627\u064a<\/p>\n\n\n\n<p>\u0644\u0627 \u064a\u0642\u062a\u0635\u0631 \u0627\u0644\u0647\u062f\u0641 \u0639\u0644\u0649 \u0625\u0635\u0644\u0627\u062d \u0627\u0644\u0633\u0646 \u0641\u062d\u0633\u0628\u060c \u0628\u0644 \u064a\u0634\u0645\u0644 \u0623\u064a\u0636\u0627\u064b \u062a\u062d\u0642\u064a\u0642 \u0646\u062a\u0627\u0626\u062c \u062c\u0645\u0627\u0644\u064a\u0629 \u062e\u0627\u0644\u064a\u0629 \u0645\u0646 \u0627\u0644\u0639\u064a\u0648\u0628\u060c \u0648\u062f\u0627\u0626\u0645\u0629\u060c \u0648\u0630\u0627\u062a \u0645\u0638\u0647\u0631 \u0637\u0628\u064a\u0639\u064a.<\/p>","protected":false},"excerpt":{"rendered":"<p>Hasarl\u0131, \u00e7\u00fcr\u00fck ya da estetik a\u00e7\u0131dan sorunlu di\u015flerde, di\u015fin do\u011fal yap\u0131s\u0131n\u0131 koruyarak onar\u0131m yap\u0131l\u0131r. Kompozit dolgular Lamine veneer uygulamalar\u0131 Onlay, overlay ve inlay restorasyonlar Ama\u00e7 yaln\u0131zca di\u015fi onarmak de\u011fil; ayn\u0131 zamanda estetik a\u00e7\u0131dan kusursuz, dayan\u0131kl\u0131 ve do\u011fal g\u00f6r\u00fcn\u00fcml\u00fc sonu\u00e7lar elde etmektir.<\/p>","protected":false},"author":2,"featured_media":0,"parent":0,"menu_order":0,"comment_status":"closed","ping_status":"closed","template":"","meta":{"_gspb_post_css":"#gspb_row-id-gsbp-a47e589{justify-content:space-between;margin-top:0;display:flex;flex-wrap:wrap;min-height:700px;align-content:flex-end;margin-bottom:100px;background-size:cover;background-repeat:no-repeat;background-position:46% 39%;background-image:url(https:\/\/valinordentalclinic.com\/wp-content\/uploads\/2025\/11\/Restoratif-Tedaviler.webp);isolation:isolate}#gspb_row-id-gsbp-a47e589>.gspb_row__content{display:flex;justify-content:space-between;margin:0 auto;width:100%;flex-wrap:wrap;align-items:flex-end}.gspb_row{position:relative}div[id^=gspb_col-id]{box-sizing:border-box;position:relative;padding:var(--gs-row-column-padding, 15px min(3vw, 20px))}body.gspb-bodyfront #gspb_row-id-gsbp-a47e589>.gspb_row__content{width:var(--theme-container-width, 1200px);max-width:var(--theme-normal-container-max-width, 1200px)}#gspb_row-id-gsbp-a47e589:hover{background-size:cover}#gspb_row-id-gsbp-a47e589>.gspb_backgroundOverlay{position:absolute;top:0;left:0;width:100%;height:100%;z-index:-1;opacity:.5;background-image:linear-gradient(180deg,#868f96 0,#000 100%)}#gspb_col-id-gsbp-8178b56.gspb_row__col--12{width:100%}@media (max-width:575.98px){#gspb_col-id-gsbp-8178b56.gspb_row__col--12{width:100%}}.gspb_row #gspb_col-id-gsbp-8178b56.gspb_row__col--12{padding-bottom:200px}#gspb_heading-id-gsbp-fa62b3f{font-size:47px;line-height:47px;text-align:center!important}#gspb_heading-id-gsbp-fa62b3f .gsap-g-line{text-align:center!important}","footnotes":""},"class_list":["post-1143","page","type-page","status-publish","hentry"],"blocksy_meta":[],"_links":{"self":[{"href":"https:\/\/valinordentalclinic.com\/ar\/wp-json\/wp\/v2\/pages\/1143","targetHints":{"allow":["GET"]}}],"collection":[{"href":"https:\/\/valinordentalclinic.com\/ar\/wp-json\/wp\/v2\/pages"}],"about":[{"href":"https:\/\/valinordentalclinic.com\/ar\/wp-json\/wp\/v2\/types\/page"}],"author":[{"embeddable":true,"href":"https:\/\/valinordentalclinic.com\/ar\/wp-json\/wp\/v2\/users\/2"}],"replies":[{"embeddable":true,"href":"https:\/\/valinordentalclinic.com\/ar\/wp-json\/wp\/v2\/comments?post=1143"}],"version-history":[{"count":2,"href":"https:\/\/valinordentalclinic.com\/ar\/wp-json\/wp\/v2\/pages\/1143\/revisions"}],"predecessor-version":[{"id":1829,"href":"https:\/\/valinordentalclinic.com\/ar\/wp-json\/wp\/v2\/pages\/1143\/revisions\/1829"}],"wp:attachment":[{"href":"https:\/\/valinordentalclinic.com\/ar\/wp-json\/wp\/v2\/media?parent=1143"}],"curies":[{"name":"wp","href":"https:\/\/api.w.org\/{rel}","templated":true}]}}