{"id":1141,"date":"2025-10-27T13:45:05","date_gmt":"2025-10-27T13:45:05","guid":{"rendered":"https:\/\/valinordentalclinic.com\/?page_id=1141"},"modified":"2025-11-30T14:23:51","modified_gmt":"2025-11-30T14:23:51","slug":"%d8%b9%d9%84%d8%a7%d8%ac-%d8%a7%d9%84%d8%a3%d8%b3%d9%86%d8%a7%d9%86-%d8%a7%d9%84%d8%a7%d8%b5%d8%b7%d9%86%d8%a7%d8%b9%d9%8a%d8%a9","status":"publish","type":"page","link":"https:\/\/valinordentalclinic.com\/ar\/protetik-dis-tedavisi\/","title":{"rendered":"\u0639\u0644\u0627\u062c \u0627\u0644\u0623\u0633\u0646\u0627\u0646 \u0627\u0644\u0627\u0635\u0637\u0646\u0627\u0639\u064a\u0629"},"content":{"rendered":"<div class=\"wp-block-greenshift-blocks-row alignfull gspb_row gspb_row-id-gsbp-a47e589\" id=\"gspb_row-id-gsbp-a47e589\"><div class=\"gspb_backgroundOverlay\"><\/div><div class=\"gspb_row__content\"> \n<div class=\"wp-block-greenshift-blocks-row-column gspb_row__col--12 gspb_col-id-gsbp-8178b56\" id=\"gspb_col-id-gsbp-8178b56\">\n<h2 id=\"gspb_heading-id-gsbp-fa62b3f\" class=\"gspb_heading gspb_heading-id-gsbp-fa62b3f\">\u0639\u0644\u0627\u062c \u0627\u0644\u0623\u0633\u0646\u0627\u0646 \u0627\u0644\u0627\u0635\u0637\u0646\u0627\u0639\u064a\u0629<\/h2>\n<\/div>\n <\/div><\/div>\n\n\n\n<p>\u0641\u064a \u0639\u064a\u0627\u062f\u0629 \u0641\u0627\u0644\u064a\u0646\u0648\u0631 \u0644\u0637\u0628 \u0627\u0644\u0623\u0633\u0646\u0627\u0646\u060c \u064a\u062a\u0645 \u062a\u0637\u0628\u064a\u0642 \u062d\u0644\u0648\u0644 \u0627\u0635\u0637\u0646\u0627\u0639\u064a\u0629 \u062d\u062f\u064a\u062b\u0629 \u0648\u062f\u0627\u0626\u0645\u0629 \u0644\u0627\u0633\u062a\u0628\u062f\u0627\u0644 \u0627\u0644\u0623\u0633\u0646\u0627\u0646 \u0627\u0644\u0645\u0641\u0642\u0648\u062f\u0629.<br>\u0627\u0644\u062a\u064a\u062c\u0627\u0646 \u0627\u0644\u062e\u0632\u0641\u064a\u0629 \u0648\u0627\u0644\u0632\u0631\u0643\u0648\u0646\u064a\u0648\u0645 \u0648\u0627\u0644\u0633\u064a\u0631\u0627\u0645\u064a\u0643 \u0627\u0644\u0632\u062c\u0627\u062c\u064a<br>\u0627\u0644\u062c\u0633\u0648\u0631 \u0627\u0644\u062b\u0627\u0628\u062a\u0629<br>\u0623\u0637\u0642\u0645 \u0627\u0644\u0623\u0633\u0646\u0627\u0646 \u0627\u0644\u062b\u0627\u0628\u062a\u0629 \u0648\u0627\u0644\u0645\u062a\u062d\u0631\u0643\u0629 \u0627\u0644\u0645\u062f\u0639\u0648\u0645\u0629 \u0628\u0627\u0644\u0632\u0631\u0639<br>\u0623\u0637\u0642\u0645 \u0627\u0644\u0641\u0643 \u0648\u0627\u0644\u0648\u062c\u0647<\/p>\n\n\n\n<p>\u0628\u0641\u0636\u0644 \u062a\u0642\u0646\u064a\u0629 CAD\/CAM\u060c \u064a\u0645\u0643\u0646 \u062a\u0635\u0646\u064a\u0639 \u0627\u0644\u0623\u0637\u0631\u0627\u0641 \u0627\u0644\u0635\u0646\u0627\u0639\u064a\u0629 \u0628\u062f\u0642\u0629 \u0639\u0627\u0644\u064a\u0629 \u0641\u064a \u0646\u0641\u0633 \u0627\u0644\u064a\u0648\u0645\u060c \u0645\u0645\u0627 \u064a\u0648\u0641\u0631 \u0644\u0644\u0645\u0631\u0636\u0649 \u0646\u062a\u0627\u0626\u062c \u0637\u0628\u064a\u0639\u064a\u0629 \u0627\u0644\u0645\u0638\u0647\u0631 \u0648\u0637\u0648\u064a\u0644\u0629 \u0627\u0644\u0623\u0645\u062f \u0648\u0639\u0645\u0644\u064a\u0629.<\/p>","protected":false},"excerpt":{"rendered":"<p>Valinor Dental Clinic\u2019te eksik di\u015flerin yerine modern ve dayan\u0131kl\u0131 protez \u00e7\u00f6z\u00fcmleri uygulan\u0131r.Porselen, zirkonyum ve cam seramik kronlarSabit k\u00f6pr\u00fcler\u0130mplant \u00fcst\u00fc sabit ve hareketli protezler\u00c7ene ve y\u00fcz protezleri Kullan\u0131lan CAD\/CAM teknolojisi sayesinde protezler ayn\u0131 g\u00fcn i\u00e7erisinde y\u00fcksek hassasiyetle \u00fcretilebilir. B\u00f6ylece hastalara do\u011fal g\u00f6r\u00fcn\u00fcml\u00fc, uzun \u00f6m\u00fcrl\u00fc ve fonksiyonel sonu\u00e7lar sunulur.<\/p>","protected":false},"author":2,"featured_media":0,"parent":0,"menu_order":0,"comment_status":"closed","ping_status":"closed","template":"","meta":{"_gspb_post_css":"#gspb_row-id-gsbp-a47e589{justify-content:space-between;margin-top:0;display:flex;flex-wrap:wrap;min-height:700px;align-content:flex-end;margin-bottom:100px;background-size:cover;background-repeat:no-repeat;background-position:51% 36%;background-image:url(https:\/\/valinordentalclinic.com\/wp-content\/uploads\/2025\/11\/Protetik-tedaviler.webp);isolation:isolate}#gspb_row-id-gsbp-a47e589>.gspb_row__content{display:flex;justify-content:space-between;margin:0 auto;width:100%;flex-wrap:wrap;align-items:flex-end}.gspb_row{position:relative}div[id^=gspb_col-id]{box-sizing:border-box;position:relative;padding:var(--gs-row-column-padding, 15px min(3vw, 20px))}body.gspb-bodyfront #gspb_row-id-gsbp-a47e589>.gspb_row__content{width:var(--theme-container-width, 1200px);max-width:var(--theme-normal-container-max-width, 1200px)}#gspb_row-id-gsbp-a47e589:hover{background-size:cover}#gspb_row-id-gsbp-a47e589>.gspb_backgroundOverlay{position:absolute;top:0;left:0;width:100%;height:100%;z-index:-1;opacity:.5;background-image:linear-gradient(180deg,#868f96 0,#000 100%)}#gspb_col-id-gsbp-8178b56.gspb_row__col--12{width:100%}@media (max-width:575.98px){#gspb_col-id-gsbp-8178b56.gspb_row__col--12{width:100%}}.gspb_row #gspb_col-id-gsbp-8178b56.gspb_row__col--12{padding-bottom:200px}#gspb_heading-id-gsbp-fa62b3f{font-size:47px;line-height:47px;text-align:center!important}#gspb_heading-id-gsbp-fa62b3f .gsap-g-line{text-align:center!important}","footnotes":""},"class_list":["post-1141","page","type-page","status-publish","hentry"],"blocksy_meta":[],"_links":{"self":[{"href":"https:\/\/valinordentalclinic.com\/ar\/wp-json\/wp\/v2\/pages\/1141","targetHints":{"allow":["GET"]}}],"collection":[{"href":"https:\/\/valinordentalclinic.com\/ar\/wp-json\/wp\/v2\/pages"}],"about":[{"href":"https:\/\/valinordentalclinic.com\/ar\/wp-json\/wp\/v2\/types\/page"}],"author":[{"embeddable":true,"href":"https:\/\/valinordentalclinic.com\/ar\/wp-json\/wp\/v2\/users\/2"}],"replies":[{"embeddable":true,"href":"https:\/\/valinordentalclinic.com\/ar\/wp-json\/wp\/v2\/comments?post=1141"}],"version-history":[{"count":2,"href":"https:\/\/valinordentalclinic.com\/ar\/wp-json\/wp\/v2\/pages\/1141\/revisions"}],"predecessor-version":[{"id":1827,"href":"https:\/\/valinordentalclinic.com\/ar\/wp-json\/wp\/v2\/pages\/1141\/revisions\/1827"}],"wp:attachment":[{"href":"https:\/\/valinordentalclinic.com\/ar\/wp-json\/wp\/v2\/media?parent=1141"}],"curies":[{"name":"wp","href":"https:\/\/api.w.org\/{rel}","templated":true}]}}